{"id":8484,"date":"2018-04-06T10:30:39","date_gmt":"2018-04-06T10:30:39","guid":{"rendered":"http:\/\/www.neocorpo.org\/?page_id=8484"},"modified":"2018-04-06T11:11:03","modified_gmt":"2018-04-06T11:11:03","slug":"servicios","status":"publish","type":"page","link":"https:\/\/www.neocorpo.org\/es\/servicios\/","title":{"rendered":"Soluciones y Ter\u00e1pias"},"content":{"rendered":"<div id=\"pl-8484\"  class=\"panel-layout\" ><div id=\"pg-8484-0\"  class=\"panel-grid panel-no-style\" ><div id=\"pgc-8484-0-0\"  class=\"panel-grid-cell\" ><div id=\"panel-8484-0-0-0\" class=\"so-panel widget widget_sow-editor panel-first-child panel-last-child\" data-index=\"0\" ><div\n\t\t\t\n\t\t\tclass=\"so-widget-sow-editor so-widget-sow-editor-base\"\n\t\t\t\n\t\t>\n<div class=\"siteorigin-widget-tinymce textwidget\">\n\t<div class=\"featured-page--image\"><a href=\"http:\/\/www.neocorpo.org\/es\/osteopatia-fisioterapia-barcelona\/\"><br \/> <img loading=\"lazy\" decoding=\"async\" src=\"http:\/\/www.neocorpo.org\/wp-content\/uploads\/2015\/12\/masajes-barcelona-2-360x240.jpg\" sizes=\"auto, (min-width: 781px) 360px, calc(100vw - 30px)\" srcset=\"http:\/\/www.neocorpo.org\/wp-content\/uploads\/2015\/12\/masajes-barcelona-2-360x240.jpg 360w, http:\/\/www.neocorpo.org\/wp-content\/uploads\/2015\/12\/masajes-barcelona-2.jpg 720w\" alt=\"PNIE Cl\u00ednica\" width=\"360\" height=\"240\" \/><\/a><\/div>\n<div>\u00a0<\/div>\n<div class=\"featured-page--content\">\n<h4 class=\"featued-page--title\"><a href=\"http:\/\/www.neocorpo.org\/es\/servicios\/osteopatia-fisioterapia-barcelona\/\">Osteopatia y fisioter\u00e1pia<\/a><\/h4>\n<p>Diagnosticamos tu caso desde una visi\u00f3n global del cuerpo, utilizando tests manuales e interpretando las pruebas radiodiagn\u00f3sticas (radiograf\u00edas, resonancias ...) del paciente. Encontraremos...<\/p>\n<p><a class=\"text-link\" href=\"http:\/\/www.neocorpo.org\/es\/servicios\/pnie-clinica-barcelona\/\">M\u00e1s informaci\u00f3n<\/a><\/p>\n<\/div>\n<\/div>\n<\/div><\/div><\/div><div id=\"pgc-8484-0-1\"  class=\"panel-grid-cell\" ><div id=\"panel-8484-0-1-0\" class=\"so-panel widget widget_sow-editor panel-first-child panel-last-child\" data-index=\"1\" ><div\n\t\t\t\n\t\t\tclass=\"so-widget-sow-editor so-widget-sow-editor-base\"\n\t\t\t\n\t\t>\n<div class=\"siteorigin-widget-tinymce textwidget\">\n\t<div class=\"featured-page--image\"><a href=\"http:\/\/www.neocorpo.org\/es\/servicios\/pnie-clinica-barcelona\/\"><br \/> <img loading=\"lazy\" decoding=\"async\" src=\"http:\/\/www.neocorpo.org\/wp-content\/uploads\/2015\/12\/pnie-barcelona-2-360x240.jpg\" sizes=\"auto, (min-width: 781px) 360px, calc(100vw - 30px)\" srcset=\"http:\/\/www.neocorpo.org\/wp-content\/uploads\/2015\/12\/pnie-barcelona-2-360x240.jpg 360w, http:\/\/www.neocorpo.org\/wp-content\/uploads\/2015\/12\/pnie-barcelona-2.jpg 720w\" alt=\"PNIE Cl\u00ednica\" width=\"360\" height=\"240\" \/><\/a><\/div>\n<div>\u00a0<\/div>\n<div class=\"featured-page--content\">\n<h4 class=\"featued-page--title\"><a href=\"http:\/\/www.neocorpo.org\/es\/servicios\/pnie-clinica-barcelona\/\">PNIE Cl\u00ednica<\/a><\/h4>\n<p>Tu salud es pluridimensional, lo que haces, lo que comes, como descansas, la actividad f\u00edsica que realizas y tu estado emocional inciden y a la vez son causa de tu realidad y tu calidad...<\/p>\n<p><a class=\"text-link\" href=\"http:\/\/www.neocorpo.org\/es\/servicios\/pnie-clinica-barcelona\/\">M\u00e1s informaci\u00f3n<\/a><\/p>\n<\/div>\n<\/div>\n<\/div><\/div><\/div><div id=\"pgc-8484-0-2\"  class=\"panel-grid-cell\" ><div id=\"panel-8484-0-2-0\" class=\"so-panel widget widget_sow-editor panel-first-child panel-last-child\" data-index=\"2\" ><div\n\t\t\t\n\t\t\tclass=\"so-widget-sow-editor so-widget-sow-editor-base\"\n\t\t\t\n\t\t>\n<div class=\"siteorigin-widget-tinymce textwidget\">\n\t<div class=\"featured-page--image\"><a href=\"http:\/\/www.neocorpo.org\/es\/servicios\/medicina-china-barcelona\/\"><br \/> <img loading=\"lazy\" decoding=\"async\" src=\"http:\/\/www.neocorpo.org\/wp-content\/uploads\/2015\/12\/medicina-china-barcelona-1-360x240.jpg\" sizes=\"auto, (min-width: 781px) 360px, calc(100vw - 30px)\" srcset=\"http:\/\/www.neocorpo.org\/wp-content\/uploads\/2015\/12\/medicina-china-barcelona-1-360x240.jpg 360w, http:\/\/www.neocorpo.org\/wp-content\/uploads\/2015\/12\/medicina-china-barcelona-1.jpg 720w\" alt=\"Medicina China\" width=\"360\" height=\"240\" \/><\/a><\/div>\n<div>\u00a0<\/div>\n<div class=\"featured-page--content\">\n<h4 class=\"featued-page--title\"><a href=\"http:\/\/www.neocorpo.org\/es\/servicios\/medicina-china-barcelona\/\">Medicina China<\/a><\/h4>\n<p>La Medicina China comprende un conjunto de terapias y t\u00e9cnicas ancestrales que van desde la acupuntura, fitoterapia, Qi Gong al masaje Tuina para buscar el equilibrio de tu salud a...<\/p>\n<p><a class=\"text-link\" href=\"http:\/\/www.neocorpo.org\/es\/servicios\/medicina-china-barcelona\/\">M\u00e1s informaci\u00f3n<\/a><\/p>\n<\/div>\n<\/div>\n<\/div><\/div><\/div><\/div><div id=\"pg-8484-1\"  class=\"panel-grid panel-no-style\" ><div id=\"pgc-8484-1-0\"  class=\"panel-grid-cell\" ><div id=\"panel-8484-1-0-0\" class=\"so-panel widget widget_sow-editor panel-first-child panel-last-child\" data-index=\"3\" ><div\n\t\t\t\n\t\t\tclass=\"so-widget-sow-editor so-widget-sow-editor-base\"\n\t\t\t\n\t\t>\n<div class=\"siteorigin-widget-tinymce textwidget\">\n\t<div class=\"featured-page--image\"><a href=\"http:\/\/www.neocorpo.org\/es\/servicios\/terapias-manuales-barcelona\/\"><br \/> <img loading=\"lazy\" decoding=\"async\" src=\"http:\/\/www.neocorpo.org\/wp-content\/uploads\/2015\/12\/masajes-barcelona-2-360x240.jpg\" sizes=\"auto, (min-width: 781px) 360px, calc(100vw - 30px)\" srcset=\"http:\/\/www.neocorpo.org\/wp-content\/uploads\/2015\/12\/masajes-barcelona-2-360x240.jpg 360w, http:\/\/www.neocorpo.org\/wp-content\/uploads\/2015\/12\/masajes-barcelona-2.jpg 720w\" alt=\"Terapias Manuales\" width=\"360\" height=\"240\" \/><\/a>\u00a0<\/div>\n<div class=\"featured-page--content\">\n<h4 class=\"featued-page--title\"><a href=\"http:\/\/www.neocorpo.org\/es\/servicios\/terapias-manuales-barcelona\/\">Terapias Manuales<\/a><\/h4>\n<p>Nuestro trabajo se basa y fundamenta en la habilidad de nuestras manos en el diagn\u00f3stico y tratamiento de los pacientes. Tenemos muchos a\u00f1os de experiencia en aquellas t\u00e9cnicas manuales...<\/p>\n<p><a class=\"text-link\" href=\"http:\/\/www.neocorpo.org\/es\/servicios\/terapias-manuales-barcelona\/\">M\u00e1s informaci\u00f3n<\/a><\/p>\n<\/div>\n<\/div>\n<\/div><\/div><\/div><div id=\"pgc-8484-1-1\"  class=\"panel-grid-cell\" ><div id=\"panel-8484-1-1-0\" class=\"so-panel widget widget_sow-editor panel-first-child panel-last-child\" data-index=\"4\" ><div\n\t\t\t\n\t\t\tclass=\"so-widget-sow-editor so-widget-sow-editor-base\"\n\t\t\t\n\t\t>\n<div class=\"siteorigin-widget-tinymce textwidget\">\n\t<div class=\"featured-page--image\"><a href=\"http:\/\/www.neocorpo.org\/es\/servicios\/terapia-activa-grupal-barcelona\/\"><br \/> <img loading=\"lazy\" decoding=\"async\" src=\"http:\/\/www.neocorpo.org\/wp-content\/uploads\/2015\/12\/escuela-espalda-barcelona-1-360x240.jpg\" sizes=\"auto, (min-width: 781px) 360px, calc(100vw - 30px)\" srcset=\"http:\/\/www.neocorpo.org\/wp-content\/uploads\/2015\/12\/escuela-espalda-barcelona-1-360x240.jpg 360w, http:\/\/www.neocorpo.org\/wp-content\/uploads\/2015\/12\/escuela-espalda-barcelona-1.jpg 720w\" alt=\"Terapia Activa Grupal\" width=\"360\" height=\"240\" \/><\/a>\u00a0<\/div>\n<div class=\"featured-page--content\">\n<h4 class=\"featued-page--title\"><a href=\"http:\/\/www.neocorpo.org\/es\/servicios\/terapia-activa-grupal-barcelona\/\">Terapia Activa Grupal<\/a><\/h4>\n<p>El movimiento es salud. La inactividad nos lleva a la rigidez, cierre y bloqueo, lo que puede desencadenar en disfunci\u00f3n y enfermedad. Proponemos un m\u00e9todo basado en el conocimiento...<\/p>\n<p><a class=\"text-link\" href=\"http:\/\/www.neocorpo.org\/es\/servicios\/terapia-activa-grupal-barcelona\/\">M\u00e1s informaci\u00f3n<\/a><\/p>\n<\/div>\n<\/div>\n<\/div><\/div><\/div><div id=\"pgc-8484-1-2\"  class=\"panel-grid-cell\" ><div id=\"panel-8484-1-2-0\" class=\"so-panel widget widget_sow-editor panel-first-child panel-last-child\" data-index=\"5\" ><div\n\t\t\t\n\t\t\tclass=\"so-widget-sow-editor so-widget-sow-editor-base\"\n\t\t\t\n\t\t>\n<div class=\"siteorigin-widget-tinymce textwidget\">\n\t<div class=\"featured-page--image\"><a href=\"http:\/\/www.neocorpo.org\/es\/estetica-barcelona\/\"><br \/> <img loading=\"lazy\" decoding=\"async\" src=\"http:\/\/www.neocorpo.org\/wp-content\/uploads\/2015\/12\/estetica-barcelona-360x240.jpg\" sizes=\"auto, (min-width: 781px) 360px, calc(100vw - 30px)\" srcset=\"http:\/\/www.neocorpo.org\/wp-content\/uploads\/2015\/12\/estetica-barcelona-360x240.jpg 360w, http:\/\/www.neocorpo.org\/wp-content\/uploads\/2015\/12\/estetica-barcelona.jpg 850w\" alt=\"Est\u00e9tica\" width=\"360\" height=\"240\" \/><\/a>\u00a0<\/div>\n<div class=\"featured-page--content\">\n<h4 class=\"featued-page--title\"><a href=\"http:\/\/www.neocorpo.org\/es\/estetica-barcelona\/\">Est\u00e9tica<\/a><\/h4>\n<p>Si una lesi\u00f3n en el trabajo impide su desempe\u00f1o laboral, nuestro programa de rehabilitaci\u00f3n de lesiones laborales proporciona un enfoque agresivo pero prudente para que vuelva a...<\/p>\n<p><a class=\"text-link\" href=\"http:\/\/www.neocorpo.org\/es\/estetica-barcelona\/\">M\u00e1s informaci\u00f3n<\/a><\/p>\n<\/div>\n<\/div>\n<\/div><\/div><\/div><\/div><div id=\"pg-8484-2\"  class=\"panel-grid panel-has-style\" ><div class=\"panel-row-style panel-row-style-for-8484-2\" ><div id=\"pgc-8484-2-0\"  class=\"panel-grid-cell\" ><div id=\"panel-8484-2-0-0\" class=\"so-panel widget widget_sow-editor panel-first-child panel-last-child\" data-index=\"6\" ><div\n\t\t\t\n\t\t\tclass=\"so-widget-sow-editor so-widget-sow-editor-base\"\n\t\t\t\n\t\t>\n<div class=\"siteorigin-widget-tinymce textwidget\">\n\t<div class=\"featured-page--image\"><a href=\"http:\/\/www.neocorpo.org\/es\/servicios\/terapias-alternativas\/\"><br \/> <img loading=\"lazy\" decoding=\"async\" src=\"http:\/\/www.neocorpo.org\/wp-content\/uploads\/2017\/04\/reiki-barcelona-360x240.jpg\" sizes=\"auto, (min-width: 781px) 360px, calc(100vw - 30px)\" srcset=\"http:\/\/www.neocorpo.org\/wp-content\/uploads\/2017\/04\/reiki-barcelona-360x240.jpg 360w, http:\/\/www.neocorpo.org\/wp-content\/uploads\/2017\/04\/reiki-barcelona.jpg 850w\" alt=\"Terapias Alternativas\" width=\"360\" height=\"240\" \/><\/a>\u00a0<\/div>\n<div class=\"featured-page--content\">\n<h4 class=\"featued-page--title\"><a href=\"http:\/\/www.neocorpo.org\/es\/servicios\/terapias-alternativas\/\">Terapias Alternativas<\/a><\/h4>\n<p>Las terapias alternativas son modelos terap\u00e9uticos con sus principios, t\u00e9cnicas diagn\u00f3sticas y herramientas terap\u00e9uticas particulares. Con ellas tratamos a los pacientes con un...<\/p>\n<p><a class=\"text-link\" href=\"http:\/\/www.neocorpo.org\/es\/servicios\/terapias-alternativas\/\">M\u00e1s informaci\u00f3n<\/a><\/p>\n<\/div>\n<\/div>\n<\/div><\/div><\/div><div id=\"pgc-8484-2-1\"  class=\"panel-grid-cell panel-grid-cell-empty panel-grid-cell-mobile-last\" ><\/div><div id=\"pgc-8484-2-2\"  class=\"panel-grid-cell panel-grid-cell-empty\" ><\/div><\/div><\/div><\/div>","protected":false},"excerpt":{"rendered":"<p>\u00a0 Osteopatia y fisioter\u00e1pia Diagnosticamos tu caso desde una visi\u00f3n global del cuerpo, utilizando tests manuales e interpretando las pruebas radiodiagn\u00f3sticas (radiograf\u00edas, resonancias &#8230;) del paciente. Encontraremos&#8230; M\u00e1s informaci\u00f3n \u00a0 PNIE Cl\u00ednica Tu salud es pluridimensional, lo que haces, lo que comes, como descansas, la actividad f\u00edsica que realizas y tu estado emocional inciden y [&hellip;]<\/p>\n","protected":false},"author":9,"featured_media":0,"parent":0,"menu_order":0,"comment_status":"closed","ping_status":"closed","template":"","meta":{"footnotes":""},"class_list":["post-8484","page","type-page","status-publish","hentry"],"yoast_head":"<!-- This site is optimized with the Yoast SEO plugin v27.3 - https:\/\/yoast.com\/product\/yoast-seo-wordpress\/ -->\n<title>Soluciones y Ter\u00e1pias - Neocorpo<\/title>\n<meta name=\"robots\" content=\"index, follow, max-snippet:-1, max-image-preview:large, max-video-preview:-1\" \/>\n<link rel=\"canonical\" href=\"https:\/\/www.neocorpo.org\/es\/servicios\/\" \/>\n<meta property=\"og:locale\" content=\"es_ES\" \/>\n<meta property=\"og:type\" content=\"article\" \/>\n<meta property=\"og:title\" content=\"Soluciones y Ter\u00e1pias - Neocorpo\" \/>\n<meta property=\"og:description\" content=\"\u00a0 Osteopatia y fisioter\u00e1pia Diagnosticamos tu caso desde una visi\u00f3n global del cuerpo, utilizando tests manuales e interpretando las pruebas radiodiagn\u00f3sticas (radiograf\u00edas, resonancias ...) del paciente. Encontraremos... M\u00e1s informaci\u00f3n \u00a0 PNIE Cl\u00ednica Tu salud es pluridimensional, lo que haces, lo que comes, como descansas, la actividad f\u00edsica que realizas y tu estado emocional inciden y [&hellip;]\" \/>\n<meta property=\"og:url\" content=\"https:\/\/www.neocorpo.org\/es\/servicios\/\" \/>\n<meta property=\"og:site_name\" content=\"Neocorpo\" \/>\n<meta property=\"article:modified_time\" content=\"2018-04-06T11:11:03+00:00\" \/>\n<meta property=\"og:image\" content=\"http:\/\/www.neocorpo.org\/wp-content\/uploads\/2015\/12\/masajes-barcelona-2-360x240.jpg\" \/>\n<meta name=\"twitter:card\" content=\"summary_large_image\" \/>\n<meta name=\"twitter:label1\" content=\"Tiempo de lectura\" \/>\n\t<meta name=\"twitter:data1\" content=\"1 minuto\" \/>\n<script type=\"application\/ld+json\" class=\"yoast-schema-graph\">{\"@context\":\"https:\\\/\\\/schema.org\",\"@graph\":[{\"@type\":\"WebPage\",\"@id\":\"https:\\\/\\\/www.neocorpo.org\\\/es\\\/servicios\\\/\",\"url\":\"https:\\\/\\\/www.neocorpo.org\\\/es\\\/servicios\\\/\",\"name\":\"Soluciones y Ter\u00e1pias - Neocorpo\",\"isPartOf\":{\"@id\":\"https:\\\/\\\/www.neocorpo.org\\\/#website\"},\"primaryImageOfPage\":{\"@id\":\"https:\\\/\\\/www.neocorpo.org\\\/es\\\/servicios\\\/#primaryimage\"},\"image\":{\"@id\":\"https:\\\/\\\/www.neocorpo.org\\\/es\\\/servicios\\\/#primaryimage\"},\"thumbnailUrl\":\"http:\\\/\\\/www.neocorpo.org\\\/wp-content\\\/uploads\\\/2015\\\/12\\\/masajes-barcelona-2-360x240.jpg\",\"datePublished\":\"2018-04-06T10:30:39+00:00\",\"dateModified\":\"2018-04-06T11:11:03+00:00\",\"breadcrumb\":{\"@id\":\"https:\\\/\\\/www.neocorpo.org\\\/es\\\/servicios\\\/#breadcrumb\"},\"inLanguage\":\"es\",\"potentialAction\":[{\"@type\":\"ReadAction\",\"target\":[\"https:\\\/\\\/www.neocorpo.org\\\/es\\\/servicios\\\/\"]}]},{\"@type\":\"ImageObject\",\"inLanguage\":\"es\",\"@id\":\"https:\\\/\\\/www.neocorpo.org\\\/es\\\/servicios\\\/#primaryimage\",\"url\":\"http:\\\/\\\/www.neocorpo.org\\\/wp-content\\\/uploads\\\/2015\\\/12\\\/masajes-barcelona-2-360x240.jpg\",\"contentUrl\":\"http:\\\/\\\/www.neocorpo.org\\\/wp-content\\\/uploads\\\/2015\\\/12\\\/masajes-barcelona-2-360x240.jpg\"},{\"@type\":\"BreadcrumbList\",\"@id\":\"https:\\\/\\\/www.neocorpo.org\\\/es\\\/servicios\\\/#breadcrumb\",\"itemListElement\":[{\"@type\":\"ListItem\",\"position\":1,\"name\":\"Portada\",\"item\":\"https:\\\/\\\/www.neocorpo.org\\\/es\\\/\"},{\"@type\":\"ListItem\",\"position\":2,\"name\":\"Soluciones y Ter\u00e1pias\"}]},{\"@type\":\"WebSite\",\"@id\":\"https:\\\/\\\/www.neocorpo.org\\\/#website\",\"url\":\"https:\\\/\\\/www.neocorpo.org\\\/\",\"name\":\"Neocorpo\",\"description\":\"Barcelona\",\"potentialAction\":[{\"@type\":\"SearchAction\",\"target\":{\"@type\":\"EntryPoint\",\"urlTemplate\":\"https:\\\/\\\/www.neocorpo.org\\\/?s={search_term_string}\"},\"query-input\":{\"@type\":\"PropertyValueSpecification\",\"valueRequired\":true,\"valueName\":\"search_term_string\"}}],\"inLanguage\":\"es\"}]}<\/script>\n<!-- \/ Yoast SEO plugin. -->","yoast_head_json":{"title":"Soluciones y Ter\u00e1pias - Neocorpo","robots":{"index":"index","follow":"follow","max-snippet":"max-snippet:-1","max-image-preview":"max-image-preview:large","max-video-preview":"max-video-preview:-1"},"canonical":"https:\/\/www.neocorpo.org\/es\/servicios\/","og_locale":"es_ES","og_type":"article","og_title":"Soluciones y Ter\u00e1pias - Neocorpo","og_description":"\u00a0 Osteopatia y fisioter\u00e1pia Diagnosticamos tu caso desde una visi\u00f3n global del cuerpo, utilizando tests manuales e interpretando las pruebas radiodiagn\u00f3sticas (radiograf\u00edas, resonancias ...) del paciente. Encontraremos... M\u00e1s informaci\u00f3n \u00a0 PNIE Cl\u00ednica Tu salud es pluridimensional, lo que haces, lo que comes, como descansas, la actividad f\u00edsica que realizas y tu estado emocional inciden y [&hellip;]","og_url":"https:\/\/www.neocorpo.org\/es\/servicios\/","og_site_name":"Neocorpo","article_modified_time":"2018-04-06T11:11:03+00:00","og_image":[{"url":"http:\/\/www.neocorpo.org\/wp-content\/uploads\/2015\/12\/masajes-barcelona-2-360x240.jpg","type":"","width":"","height":""}],"twitter_card":"summary_large_image","twitter_misc":{"Tiempo de lectura":"1 minuto"},"schema":{"@context":"https:\/\/schema.org","@graph":[{"@type":"WebPage","@id":"https:\/\/www.neocorpo.org\/es\/servicios\/","url":"https:\/\/www.neocorpo.org\/es\/servicios\/","name":"Soluciones y Ter\u00e1pias - Neocorpo","isPartOf":{"@id":"https:\/\/www.neocorpo.org\/#website"},"primaryImageOfPage":{"@id":"https:\/\/www.neocorpo.org\/es\/servicios\/#primaryimage"},"image":{"@id":"https:\/\/www.neocorpo.org\/es\/servicios\/#primaryimage"},"thumbnailUrl":"http:\/\/www.neocorpo.org\/wp-content\/uploads\/2015\/12\/masajes-barcelona-2-360x240.jpg","datePublished":"2018-04-06T10:30:39+00:00","dateModified":"2018-04-06T11:11:03+00:00","breadcrumb":{"@id":"https:\/\/www.neocorpo.org\/es\/servicios\/#breadcrumb"},"inLanguage":"es","potentialAction":[{"@type":"ReadAction","target":["https:\/\/www.neocorpo.org\/es\/servicios\/"]}]},{"@type":"ImageObject","inLanguage":"es","@id":"https:\/\/www.neocorpo.org\/es\/servicios\/#primaryimage","url":"http:\/\/www.neocorpo.org\/wp-content\/uploads\/2015\/12\/masajes-barcelona-2-360x240.jpg","contentUrl":"http:\/\/www.neocorpo.org\/wp-content\/uploads\/2015\/12\/masajes-barcelona-2-360x240.jpg"},{"@type":"BreadcrumbList","@id":"https:\/\/www.neocorpo.org\/es\/servicios\/#breadcrumb","itemListElement":[{"@type":"ListItem","position":1,"name":"Portada","item":"https:\/\/www.neocorpo.org\/es\/"},{"@type":"ListItem","position":2,"name":"Soluciones y Ter\u00e1pias"}]},{"@type":"WebSite","@id":"https:\/\/www.neocorpo.org\/#website","url":"https:\/\/www.neocorpo.org\/","name":"Neocorpo","description":"Barcelona","potentialAction":[{"@type":"SearchAction","target":{"@type":"EntryPoint","urlTemplate":"https:\/\/www.neocorpo.org\/?s={search_term_string}"},"query-input":{"@type":"PropertyValueSpecification","valueRequired":true,"valueName":"search_term_string"}}],"inLanguage":"es"}]}},"_links":{"self":[{"href":"https:\/\/www.neocorpo.org\/es\/wp-json\/wp\/v2\/pages\/8484","targetHints":{"allow":["GET"]}}],"collection":[{"href":"https:\/\/www.neocorpo.org\/es\/wp-json\/wp\/v2\/pages"}],"about":[{"href":"https:\/\/www.neocorpo.org\/es\/wp-json\/wp\/v2\/types\/page"}],"author":[{"embeddable":true,"href":"https:\/\/www.neocorpo.org\/es\/wp-json\/wp\/v2\/users\/9"}],"replies":[{"embeddable":true,"href":"https:\/\/www.neocorpo.org\/es\/wp-json\/wp\/v2\/comments?post=8484"}],"version-history":[{"count":15,"href":"https:\/\/www.neocorpo.org\/es\/wp-json\/wp\/v2\/pages\/8484\/revisions"}],"predecessor-version":[{"id":8500,"href":"https:\/\/www.neocorpo.org\/es\/wp-json\/wp\/v2\/pages\/8484\/revisions\/8500"}],"wp:attachment":[{"href":"https:\/\/www.neocorpo.org\/es\/wp-json\/wp\/v2\/media?parent=8484"}],"curies":[{"name":"wp","href":"https:\/\/api.w.org\/{rel}","templated":true}]}}