{"id":8352,"date":"2015-12-03T23:30:13","date_gmt":"2015-12-03T23:30:13","guid":{"rendered":"http:\/\/www.neocorpo.org\/serveis\/terapies-manuals\/"},"modified":"2018-04-06T10:07:59","modified_gmt":"2018-04-06T10:07:59","slug":"terapias-manuales-barcelona","status":"publish","type":"page","link":"https:\/\/www.neocorpo.org\/es\/terapias-manuales-barcelona\/","title":{"rendered":"Terapias Manuales"},"content":{"rendered":"<div id=\"pl-8352\"  class=\"panel-layout\" ><div id=\"pg-8352-0\"  class=\"panel-grid panel-no-style\" ><div id=\"pgc-8352-0-0\"  class=\"panel-grid-cell\" ><div id=\"panel-8352-0-0-0\" class=\"so-panel widget widget_sow-editor panel-first-child panel-last-child\" data-index=\"0\" ><div\n\t\t\t\n\t\t\tclass=\"so-widget-sow-editor so-widget-sow-editor-base\"\n\t\t\t\n\t\t>\n<div class=\"siteorigin-widget-tinymce textwidget\">\n\t<p><img loading=\"lazy\" decoding=\"async\" class=\"alignright wp-image-7922 size-full\" src=\"http:\/\/www.neocorpo.org\/wp-content\/uploads\/2015\/12\/masaje.jpg\" alt=\"\" width=\"850\" height=\"567\" srcset=\"https:\/\/www.neocorpo.org\/wp-content\/uploads\/2015\/12\/masaje.jpg 850w, https:\/\/www.neocorpo.org\/wp-content\/uploads\/2015\/12\/masaje-300x200.jpg 300w, https:\/\/www.neocorpo.org\/wp-content\/uploads\/2015\/12\/masaje-768x512.jpg 768w, https:\/\/www.neocorpo.org\/wp-content\/uploads\/2015\/12\/masaje-360x240.jpg 360w, https:\/\/www.neocorpo.org\/wp-content\/uploads\/2015\/12\/masaje-272x182.jpg 272w\" sizes=\"auto, (max-width: 850px) 100vw, 850px\" \/><\/p>\n<\/div>\n<\/div><\/div><\/div><div id=\"pgc-8352-0-1\"  class=\"panel-grid-cell\" ><div id=\"panel-8352-0-1-0\" class=\"so-panel widget widget_sow-editor panel-first-child panel-last-child\" data-index=\"1\" ><div\n\t\t\t\n\t\t\tclass=\"so-widget-sow-editor so-widget-sow-editor-base\"\n\t\t\t\n\t\t>\n<div class=\"siteorigin-widget-tinymce textwidget\">\n\t<p><span style=\"color: #56afd5; font-size: 15px;\"><strong>Quiromasajes<\/strong><\/span><\/p>\n<p>T\u00e9cnica manual de masaje que trabaja a nivel muscular, sobre todo musculatura superficial, puede ser descontracturante, circulatorio, relajando o estimulando seg\u00fan las necesidades del paciente.<\/p>\n<p>Indicaciones: sobrecargas musculares, mala circulaci\u00f3n, flacidez muscular, estr\u00e9s...<\/p>\n<p>\u00a0<\/p>\n<\/div>\n<\/div><\/div><\/div><\/div><div id=\"pg-8352-1\"  class=\"panel-grid panel-no-style\" ><div id=\"pgc-8352-1-0\"  class=\"panel-grid-cell\" ><div id=\"panel-8352-1-0-0\" class=\"so-panel widget widget_sow-editor panel-first-child panel-last-child\" data-index=\"2\" ><div\n\t\t\t\n\t\t\tclass=\"so-widget-sow-editor so-widget-sow-editor-base\"\n\t\t\t\n\t\t>\n<div class=\"siteorigin-widget-tinymce textwidget\">\n\t<p><img loading=\"lazy\" decoding=\"async\" class=\"alignright wp-image-7921 size-full\" src=\"http:\/\/www.neocorpo.org\/wp-content\/uploads\/2015\/12\/masaje-piedras.jpg\" alt=\"\" width=\"850\" height=\"567\" srcset=\"https:\/\/www.neocorpo.org\/wp-content\/uploads\/2015\/12\/masaje-piedras.jpg 850w, https:\/\/www.neocorpo.org\/wp-content\/uploads\/2015\/12\/masaje-piedras-300x200.jpg 300w, https:\/\/www.neocorpo.org\/wp-content\/uploads\/2015\/12\/masaje-piedras-768x512.jpg 768w, https:\/\/www.neocorpo.org\/wp-content\/uploads\/2015\/12\/masaje-piedras-360x240.jpg 360w, https:\/\/www.neocorpo.org\/wp-content\/uploads\/2015\/12\/masaje-piedras-272x182.jpg 272w\" sizes=\"auto, (max-width: 850px) 100vw, 850px\" \/><\/p>\n<\/div>\n<\/div><\/div><\/div><div id=\"pgc-8352-1-1\"  class=\"panel-grid-cell\" ><div id=\"panel-8352-1-1-0\" class=\"so-panel widget widget_sow-editor panel-first-child panel-last-child\" data-index=\"3\" ><div\n\t\t\t\n\t\t\tclass=\"so-widget-sow-editor so-widget-sow-editor-base\"\n\t\t\t\n\t\t>\n<div class=\"siteorigin-widget-tinymce textwidget\">\n\t<p><span style=\"color: #56afd5; font-size: 15px;\"><strong>Masajes<\/strong><\/span><\/p>\n<p>Realizamos masajes utilizando materiales y aceites esenciales que potencian el efecto curativo de esta t\u00e9cnica<\/p>\n<p><strong>Masaje con Bamb\u00fa<\/strong><br \/><strong> Masaje con Piedras Calientes<\/strong><br \/><strong>Masaje con Pindes<\/strong><br \/><strong> Masaje con Ayurveda<\/strong><br \/><strong> Masaje con Ying-Yang<\/strong><\/p>\n<\/div>\n<\/div><\/div><\/div><\/div><div id=\"pg-8352-2\"  class=\"panel-grid panel-no-style\" ><div id=\"pgc-8352-2-0\"  class=\"panel-grid-cell\" ><div id=\"panel-8352-2-0-0\" class=\"so-panel widget widget_sow-editor panel-first-child panel-last-child\" data-index=\"4\" ><div\n\t\t\t\n\t\t\tclass=\"so-widget-sow-editor so-widget-sow-editor-base\"\n\t\t\t\n\t\t>\n<div class=\"siteorigin-widget-tinymce textwidget\">\n\t<p><img loading=\"lazy\" decoding=\"async\" class=\"alignright wp-image-7924 size-full\" src=\"http:\/\/www.neocorpo.org\/wp-content\/uploads\/2015\/12\/MASAJE-BARCELONA.jpg\" alt=\"\" width=\"850\" height=\"567\" srcset=\"https:\/\/www.neocorpo.org\/wp-content\/uploads\/2015\/12\/MASAJE-BARCELONA.jpg 850w, https:\/\/www.neocorpo.org\/wp-content\/uploads\/2015\/12\/MASAJE-BARCELONA-300x200.jpg 300w, https:\/\/www.neocorpo.org\/wp-content\/uploads\/2015\/12\/MASAJE-BARCELONA-768x512.jpg 768w, https:\/\/www.neocorpo.org\/wp-content\/uploads\/2015\/12\/MASAJE-BARCELONA-360x240.jpg 360w, https:\/\/www.neocorpo.org\/wp-content\/uploads\/2015\/12\/MASAJE-BARCELONA-272x182.jpg 272w\" sizes=\"auto, (max-width: 850px) 100vw, 850px\" \/><\/p>\n<\/div>\n<\/div><\/div><\/div><div id=\"pgc-8352-2-1\"  class=\"panel-grid-cell\" ><div id=\"panel-8352-2-1-0\" class=\"so-panel widget widget_sow-editor panel-first-child panel-last-child\" data-index=\"5\" ><div\n\t\t\t\n\t\t\tclass=\"so-widget-sow-editor so-widget-sow-editor-base\"\n\t\t\t\n\t\t>\n<div class=\"siteorigin-widget-tinymce textwidget\">\n\t<p><span style=\"color: #56afd5; font-size: 15px;\"><strong>Drenaje limf\u00e1tico manual<\/strong><\/span><\/p>\n<p>Terapia manual que trabaja estimulando el sistema linf\u00e1tico, se trata de un masaje de bombeo y arrastre para que nuestro sistema linf\u00e1tico funcione mejor y m\u00e1s r\u00e1pido (es el sistema de excreci\u00f3n y limpieza del organismo) es antiinflamatorio y estimula la formaci\u00f3n de linfocitos (c\u00e9lulas de defensa del organismo)<\/p>\n<p>Indicaciones: Retenci\u00f3n de l\u00edquidos, celulitis blanda, piernas hinchadas por mala circulaci\u00f3n, postpartos, postoperatorios (cirug\u00eda est\u00e9tica).<\/p>\n<\/div>\n<\/div><\/div><\/div><\/div><div id=\"pg-8352-3\"  class=\"panel-grid panel-no-style\" ><div id=\"pgc-8352-3-0\"  class=\"panel-grid-cell\" ><div id=\"panel-8352-3-0-0\" class=\"so-panel widget widget_sow-editor panel-first-child panel-last-child\" data-index=\"6\" ><div\n\t\t\t\n\t\t\tclass=\"so-widget-sow-editor so-widget-sow-editor-base\"\n\t\t\t\n\t\t>\n<div class=\"siteorigin-widget-tinymce textwidget\">\n\t<p><img loading=\"lazy\" decoding=\"async\" class=\"alignright wp-image-7923 size-full\" src=\"http:\/\/www.neocorpo.org\/wp-content\/uploads\/2015\/12\/masaje-pie-barcelona.jpg\" alt=\"\" width=\"850\" height=\"567\" srcset=\"https:\/\/www.neocorpo.org\/wp-content\/uploads\/2015\/12\/masaje-pie-barcelona.jpg 850w, https:\/\/www.neocorpo.org\/wp-content\/uploads\/2015\/12\/masaje-pie-barcelona-300x200.jpg 300w, https:\/\/www.neocorpo.org\/wp-content\/uploads\/2015\/12\/masaje-pie-barcelona-768x512.jpg 768w, https:\/\/www.neocorpo.org\/wp-content\/uploads\/2015\/12\/masaje-pie-barcelona-360x240.jpg 360w, https:\/\/www.neocorpo.org\/wp-content\/uploads\/2015\/12\/masaje-pie-barcelona-272x182.jpg 272w\" sizes=\"auto, (max-width: 850px) 100vw, 850px\" \/><\/p>\n<\/div>\n<\/div><\/div><\/div><div id=\"pgc-8352-3-1\"  class=\"panel-grid-cell\" ><div id=\"panel-8352-3-1-0\" class=\"so-panel widget widget_sow-editor panel-first-child panel-last-child\" data-index=\"7\" ><div\n\t\t\t\n\t\t\tclass=\"so-widget-sow-editor so-widget-sow-editor-base\"\n\t\t\t\n\t\t>\n<div class=\"siteorigin-widget-tinymce textwidget\">\n\t<p><span style=\"color: #56afd5; font-size: 15px;\"><strong>Reflexolog\u00eda podal<\/strong><\/span><\/p>\n<p>Terapia que consiste en estimular mediante digitopresi\u00f3n puntos reflejos situados en los pies.<\/p>\n<p><strong>Funci\u00f3n<\/strong>; Equilibra el organismo a nivel f\u00edsico y nervioso.<\/p>\n<p><strong>Indicaciones<\/strong>; Insomnio, retenci\u00f3n de l\u00edquidos, estr\u00e9s, nerviosismo, apatia, depresi\u00f3n..<\/p>\n<\/div>\n<\/div><\/div><\/div><\/div><\/div>","protected":false},"excerpt":{"rendered":"<p>Nuestro trabajo se basa y fundamenta en la habilidad de nuestras manos en el diagn\u00f3stico y tratamiento de los pacientes. Tenemos muchos a\u00f1os de experiencia en aquellas t\u00e9cnicas manuales que han demostrado ser m\u00e1s efectivas para combatir la sintomatolog\u00edas m\u00e1s comunes: contracturas musculares, dolor inflamatorio, retenci\u00f3n de l\u00edquidos, edemas linf\u00e1ticos, entre otros.<\/p>\n","protected":false},"author":9,"featured_media":7978,"parent":0,"menu_order":0,"comment_status":"closed","ping_status":"closed","template":"","meta":{"footnotes":""},"class_list":["post-8352","page","type-page","status-publish","has-post-thumbnail","hentry"],"yoast_head":"<!-- This site is optimized with the Yoast SEO plugin v27.3 - https:\/\/yoast.com\/product\/yoast-seo-wordpress\/ -->\n<title>Terapias Manuales - Neocorpo<\/title>\n<meta name=\"robots\" content=\"index, follow, max-snippet:-1, max-image-preview:large, max-video-preview:-1\" \/>\n<link rel=\"canonical\" href=\"https:\/\/www.neocorpo.org\/es\/terapias-manuales-barcelona\/\" \/>\n<meta property=\"og:locale\" content=\"es_ES\" \/>\n<meta property=\"og:type\" content=\"article\" \/>\n<meta property=\"og:title\" content=\"Terapias Manuales - Neocorpo\" \/>\n<meta property=\"og:description\" content=\"Nuestro trabajo se basa y fundamenta en la habilidad de nuestras manos en el diagn\u00f3stico y tratamiento de los pacientes. Tenemos muchos a\u00f1os de experiencia en aquellas t\u00e9cnicas manuales que han demostrado ser m\u00e1s efectivas para combatir la sintomatolog\u00edas m\u00e1s comunes: contracturas musculares, dolor inflamatorio, retenci\u00f3n de l\u00edquidos, edemas linf\u00e1ticos, entre otros.\" \/>\n<meta property=\"og:url\" content=\"https:\/\/www.neocorpo.org\/es\/terapias-manuales-barcelona\/\" \/>\n<meta property=\"og:site_name\" content=\"Neocorpo\" \/>\n<meta property=\"article:modified_time\" content=\"2018-04-06T10:07:59+00:00\" \/>\n<meta property=\"og:image\" content=\"https:\/\/www.neocorpo.org\/wp-content\/uploads\/2015\/12\/masajes-barcelona-2.jpg\" \/>\n\t<meta property=\"og:image:width\" content=\"720\" \/>\n\t<meta property=\"og:image:height\" content=\"480\" \/>\n\t<meta property=\"og:image:type\" content=\"image\/jpeg\" \/>\n<meta name=\"twitter:card\" content=\"summary_large_image\" \/>\n<meta name=\"twitter:label1\" content=\"Tiempo de lectura\" \/>\n\t<meta name=\"twitter:data1\" content=\"1 minuto\" \/>\n<script type=\"application\/ld+json\" class=\"yoast-schema-graph\">{\"@context\":\"https:\\\/\\\/schema.org\",\"@graph\":[{\"@type\":\"WebPage\",\"@id\":\"https:\\\/\\\/www.neocorpo.org\\\/es\\\/terapias-manuales-barcelona\\\/\",\"url\":\"https:\\\/\\\/www.neocorpo.org\\\/es\\\/terapias-manuales-barcelona\\\/\",\"name\":\"Terapias Manuales - Neocorpo\",\"isPartOf\":{\"@id\":\"https:\\\/\\\/www.neocorpo.org\\\/#website\"},\"primaryImageOfPage\":{\"@id\":\"https:\\\/\\\/www.neocorpo.org\\\/es\\\/terapias-manuales-barcelona\\\/#primaryimage\"},\"image\":{\"@id\":\"https:\\\/\\\/www.neocorpo.org\\\/es\\\/terapias-manuales-barcelona\\\/#primaryimage\"},\"thumbnailUrl\":\"https:\\\/\\\/www.neocorpo.org\\\/wp-content\\\/uploads\\\/2015\\\/12\\\/masajes-barcelona-2.jpg\",\"datePublished\":\"2015-12-03T23:30:13+00:00\",\"dateModified\":\"2018-04-06T10:07:59+00:00\",\"breadcrumb\":{\"@id\":\"https:\\\/\\\/www.neocorpo.org\\\/es\\\/terapias-manuales-barcelona\\\/#breadcrumb\"},\"inLanguage\":\"es\",\"potentialAction\":[{\"@type\":\"ReadAction\",\"target\":[\"https:\\\/\\\/www.neocorpo.org\\\/es\\\/terapias-manuales-barcelona\\\/\"]}]},{\"@type\":\"ImageObject\",\"inLanguage\":\"es\",\"@id\":\"https:\\\/\\\/www.neocorpo.org\\\/es\\\/terapias-manuales-barcelona\\\/#primaryimage\",\"url\":\"https:\\\/\\\/www.neocorpo.org\\\/wp-content\\\/uploads\\\/2015\\\/12\\\/masajes-barcelona-2.jpg\",\"contentUrl\":\"https:\\\/\\\/www.neocorpo.org\\\/wp-content\\\/uploads\\\/2015\\\/12\\\/masajes-barcelona-2.jpg\",\"width\":720,\"height\":480,\"caption\":\"masajes en barcelona\"},{\"@type\":\"BreadcrumbList\",\"@id\":\"https:\\\/\\\/www.neocorpo.org\\\/es\\\/terapias-manuales-barcelona\\\/#breadcrumb\",\"itemListElement\":[{\"@type\":\"ListItem\",\"position\":1,\"name\":\"Portada\",\"item\":\"https:\\\/\\\/www.neocorpo.org\\\/es\\\/\"},{\"@type\":\"ListItem\",\"position\":2,\"name\":\"Terapias Manuales\"}]},{\"@type\":\"WebSite\",\"@id\":\"https:\\\/\\\/www.neocorpo.org\\\/#website\",\"url\":\"https:\\\/\\\/www.neocorpo.org\\\/\",\"name\":\"Neocorpo\",\"description\":\"Barcelona\",\"potentialAction\":[{\"@type\":\"SearchAction\",\"target\":{\"@type\":\"EntryPoint\",\"urlTemplate\":\"https:\\\/\\\/www.neocorpo.org\\\/?s={search_term_string}\"},\"query-input\":{\"@type\":\"PropertyValueSpecification\",\"valueRequired\":true,\"valueName\":\"search_term_string\"}}],\"inLanguage\":\"es\"}]}<\/script>\n<!-- \/ Yoast SEO plugin. -->","yoast_head_json":{"title":"Terapias Manuales - Neocorpo","robots":{"index":"index","follow":"follow","max-snippet":"max-snippet:-1","max-image-preview":"max-image-preview:large","max-video-preview":"max-video-preview:-1"},"canonical":"https:\/\/www.neocorpo.org\/es\/terapias-manuales-barcelona\/","og_locale":"es_ES","og_type":"article","og_title":"Terapias Manuales - Neocorpo","og_description":"Nuestro trabajo se basa y fundamenta en la habilidad de nuestras manos en el diagn\u00f3stico y tratamiento de los pacientes. Tenemos muchos a\u00f1os de experiencia en aquellas t\u00e9cnicas manuales que han demostrado ser m\u00e1s efectivas para combatir la sintomatolog\u00edas m\u00e1s comunes: contracturas musculares, dolor inflamatorio, retenci\u00f3n de l\u00edquidos, edemas linf\u00e1ticos, entre otros.","og_url":"https:\/\/www.neocorpo.org\/es\/terapias-manuales-barcelona\/","og_site_name":"Neocorpo","article_modified_time":"2018-04-06T10:07:59+00:00","og_image":[{"width":720,"height":480,"url":"https:\/\/www.neocorpo.org\/wp-content\/uploads\/2015\/12\/masajes-barcelona-2.jpg","type":"image\/jpeg"}],"twitter_card":"summary_large_image","twitter_misc":{"Tiempo de lectura":"1 minuto"},"schema":{"@context":"https:\/\/schema.org","@graph":[{"@type":"WebPage","@id":"https:\/\/www.neocorpo.org\/es\/terapias-manuales-barcelona\/","url":"https:\/\/www.neocorpo.org\/es\/terapias-manuales-barcelona\/","name":"Terapias Manuales - Neocorpo","isPartOf":{"@id":"https:\/\/www.neocorpo.org\/#website"},"primaryImageOfPage":{"@id":"https:\/\/www.neocorpo.org\/es\/terapias-manuales-barcelona\/#primaryimage"},"image":{"@id":"https:\/\/www.neocorpo.org\/es\/terapias-manuales-barcelona\/#primaryimage"},"thumbnailUrl":"https:\/\/www.neocorpo.org\/wp-content\/uploads\/2015\/12\/masajes-barcelona-2.jpg","datePublished":"2015-12-03T23:30:13+00:00","dateModified":"2018-04-06T10:07:59+00:00","breadcrumb":{"@id":"https:\/\/www.neocorpo.org\/es\/terapias-manuales-barcelona\/#breadcrumb"},"inLanguage":"es","potentialAction":[{"@type":"ReadAction","target":["https:\/\/www.neocorpo.org\/es\/terapias-manuales-barcelona\/"]}]},{"@type":"ImageObject","inLanguage":"es","@id":"https:\/\/www.neocorpo.org\/es\/terapias-manuales-barcelona\/#primaryimage","url":"https:\/\/www.neocorpo.org\/wp-content\/uploads\/2015\/12\/masajes-barcelona-2.jpg","contentUrl":"https:\/\/www.neocorpo.org\/wp-content\/uploads\/2015\/12\/masajes-barcelona-2.jpg","width":720,"height":480,"caption":"masajes en barcelona"},{"@type":"BreadcrumbList","@id":"https:\/\/www.neocorpo.org\/es\/terapias-manuales-barcelona\/#breadcrumb","itemListElement":[{"@type":"ListItem","position":1,"name":"Portada","item":"https:\/\/www.neocorpo.org\/es\/"},{"@type":"ListItem","position":2,"name":"Terapias Manuales"}]},{"@type":"WebSite","@id":"https:\/\/www.neocorpo.org\/#website","url":"https:\/\/www.neocorpo.org\/","name":"Neocorpo","description":"Barcelona","potentialAction":[{"@type":"SearchAction","target":{"@type":"EntryPoint","urlTemplate":"https:\/\/www.neocorpo.org\/?s={search_term_string}"},"query-input":{"@type":"PropertyValueSpecification","valueRequired":true,"valueName":"search_term_string"}}],"inLanguage":"es"}]}},"_links":{"self":[{"href":"https:\/\/www.neocorpo.org\/es\/wp-json\/wp\/v2\/pages\/8352","targetHints":{"allow":["GET"]}}],"collection":[{"href":"https:\/\/www.neocorpo.org\/es\/wp-json\/wp\/v2\/pages"}],"about":[{"href":"https:\/\/www.neocorpo.org\/es\/wp-json\/wp\/v2\/types\/page"}],"author":[{"embeddable":true,"href":"https:\/\/www.neocorpo.org\/es\/wp-json\/wp\/v2\/users\/9"}],"replies":[{"embeddable":true,"href":"https:\/\/www.neocorpo.org\/es\/wp-json\/wp\/v2\/comments?post=8352"}],"version-history":[{"count":6,"href":"https:\/\/www.neocorpo.org\/es\/wp-json\/wp\/v2\/pages\/8352\/revisions"}],"predecessor-version":[{"id":8441,"href":"https:\/\/www.neocorpo.org\/es\/wp-json\/wp\/v2\/pages\/8352\/revisions\/8441"}],"wp:featuredmedia":[{"embeddable":true,"href":"https:\/\/www.neocorpo.org\/es\/wp-json\/wp\/v2\/media\/7978"}],"wp:attachment":[{"href":"https:\/\/www.neocorpo.org\/es\/wp-json\/wp\/v2\/media?parent=8352"}],"curies":[{"name":"wp","href":"https:\/\/api.w.org\/{rel}","templated":true}]}}