{"id":8346,"date":"2017-04-25T09:42:34","date_gmt":"2017-04-25T09:42:34","guid":{"rendered":"http:\/\/www.neocorpo.org\/serveis\/terapies-alternatives\/"},"modified":"2018-04-06T10:07:54","modified_gmt":"2018-04-06T10:07:54","slug":"terapias-alternativas","status":"publish","type":"page","link":"https:\/\/www.neocorpo.org\/es\/terapias-alternativas\/","title":{"rendered":"Terapias Alternativas"},"content":{"rendered":"<div id=\"pl-8346\"  class=\"panel-layout\" ><div id=\"pg-8346-0\"  class=\"panel-grid panel-no-style\" ><div id=\"pgc-8346-0-0\"  class=\"panel-grid-cell\" ><div id=\"panel-8346-0-0-0\" class=\"so-panel widget widget_sow-editor panel-first-child\" data-index=\"0\" ><div\n\t\t\t\n\t\t\tclass=\"so-widget-sow-editor so-widget-sow-editor-base\"\n\t\t\t\n\t\t>\n<div class=\"siteorigin-widget-tinymce textwidget\">\n\t<p><img loading=\"lazy\" decoding=\"async\" class=\"alignright wp-image-7914 size-full\" src=\"http:\/\/www.neocorpo.org\/wp-content\/uploads\/2017\/04\/flores-bach.jpg\" alt=\"flors bach barcelona\" width=\"850\" height=\"567\" srcset=\"https:\/\/www.neocorpo.org\/wp-content\/uploads\/2017\/04\/flores-bach.jpg 850w, https:\/\/www.neocorpo.org\/wp-content\/uploads\/2017\/04\/flores-bach-300x200.jpg 300w, https:\/\/www.neocorpo.org\/wp-content\/uploads\/2017\/04\/flores-bach-768x512.jpg 768w, https:\/\/www.neocorpo.org\/wp-content\/uploads\/2017\/04\/flores-bach-360x240.jpg 360w, https:\/\/www.neocorpo.org\/wp-content\/uploads\/2017\/04\/flores-bach-272x182.jpg 272w\" sizes=\"auto, (max-width: 850px) 100vw, 850px\" \/><\/p>\n<\/div>\n<\/div><\/div><div id=\"panel-8346-0-0-1\" class=\"so-panel widget widget_sow-editor panel-last-child\" data-index=\"1\" ><div class=\"panel-widget-style panel-widget-style-for-8346-0-0-1\" ><div\n\t\t\t\n\t\t\tclass=\"so-widget-sow-editor so-widget-sow-editor-base\"\n\t\t\t\n\t\t>\n<div class=\"siteorigin-widget-tinymce textwidget\">\n\t<p><span style=\"color: #56afd5; font-size: 15px;\"><strong>Flores de Bach<\/strong><\/span><\/p>\n<p>Es una Terapia Floral que consiste en aprovechar las propiedades naturales que tienen algunas plantas para incidir en patolog\u00edas con componente emocional. Se trata al paciente, no al problema. Es un tratamiento relacionado con la manera que tenemos cada uno de gestionar las emociones y las consecuencias que de ellas se derivan.<\/p>\n<p>Indicaciones: todo tipo de problemas emocionales, insatisfacciones, cansancio, falta de energ\u00eda etc. Especialmente indicada para todas aquellas personas que, sin tener ning\u00fan problema en concreto, no est\u00e1n contentas con ellas mismas. Se pueden tratar tanto patolog\u00edas agudas como cr\u00f3nicas.<br \/>V\u00eda: t\u00f3pica (gotas)<br \/>Contraindicaciones: no descritas.<\/p>\n<\/div>\n<\/div><\/div><\/div><\/div><div id=\"pgc-8346-0-1\"  class=\"panel-grid-cell\" ><div id=\"panel-8346-0-1-0\" class=\"so-panel widget widget_sow-editor panel-first-child\" data-index=\"2\" ><div\n\t\t\t\n\t\t\tclass=\"so-widget-sow-editor so-widget-sow-editor-base\"\n\t\t\t\n\t\t>\n<div class=\"siteorigin-widget-tinymce textwidget\">\n\t<p><img loading=\"lazy\" decoding=\"async\" class=\"alignright wp-image-7913 size-full\" src=\"http:\/\/www.neocorpo.org\/wp-content\/uploads\/2017\/04\/reiki-barcelona.jpg\" alt=\"reiki barcelona\" width=\"850\" height=\"567\" srcset=\"https:\/\/www.neocorpo.org\/wp-content\/uploads\/2017\/04\/reiki-barcelona.jpg 850w, https:\/\/www.neocorpo.org\/wp-content\/uploads\/2017\/04\/reiki-barcelona-300x200.jpg 300w, https:\/\/www.neocorpo.org\/wp-content\/uploads\/2017\/04\/reiki-barcelona-768x512.jpg 768w, https:\/\/www.neocorpo.org\/wp-content\/uploads\/2017\/04\/reiki-barcelona-360x240.jpg 360w, https:\/\/www.neocorpo.org\/wp-content\/uploads\/2017\/04\/reiki-barcelona-272x182.jpg 272w\" sizes=\"auto, (max-width: 850px) 100vw, 850px\" \/><\/p>\n<\/div>\n<\/div><\/div><div id=\"panel-8346-0-1-1\" class=\"so-panel widget widget_sow-editor panel-last-child\" data-index=\"3\" ><div class=\"panel-widget-style panel-widget-style-for-8346-0-1-1\" ><div\n\t\t\t\n\t\t\tclass=\"so-widget-sow-editor so-widget-sow-editor-base\"\n\t\t\t\n\t\t>\n<div class=\"siteorigin-widget-tinymce textwidget\">\n\t<p><strong><span style=\"color: #56afd5; font-size: 15px;\">Reiki<\/span><\/strong><\/p>\n<p>Terapia energ\u00e9tica, equilibrante.<\/p>\n<p>Se trata de transmitir energ\u00eda (terapeuta-paciente) a trav\u00e9s de las manos.<\/p>\n<p>\"NO es santeria, NO es magia, NI tiene nada que ver con la parapsicolog\u00eda.\"<\/p>\n<p>Indicaciones: Trata cualquier tipo de desequilibrio tanto energ\u00e9tico, emocional como f\u00edsico. Lo que hace el Reiki es limpiar y reequilibrar la energ\u00eda del paciente en todo los niveles antes mencionados. Incluso, para los que crean, lo hace tambi\u00e9n a nivel k\u00e1rmico.<\/p>\n<\/div>\n<\/div><\/div><\/div><\/div><\/div><\/div>","protected":false},"excerpt":{"rendered":"<p>Las terapias alternativas son modelos terap\u00e9uticos con sus principios, t\u00e9cnicas diagn\u00f3sticas y herramientas terap\u00e9uticas particulares. Con ellas tratamos a los pacientes con un prisma diferente pero af\u00edn a las caracter\u00edsticas de nuestros pacientes.<\/p>\n","protected":false},"author":9,"featured_media":7913,"parent":0,"menu_order":0,"comment_status":"closed","ping_status":"closed","template":"","meta":{"footnotes":""},"class_list":["post-8346","page","type-page","status-publish","has-post-thumbnail","hentry"],"yoast_head":"<!-- This site is optimized with the Yoast SEO plugin v27.3 - https:\/\/yoast.com\/product\/yoast-seo-wordpress\/ -->\n<title>Terapias Alternativas - Neocorpo<\/title>\n<meta name=\"robots\" content=\"index, follow, max-snippet:-1, max-image-preview:large, max-video-preview:-1\" \/>\n<link rel=\"canonical\" href=\"https:\/\/www.neocorpo.org\/es\/terapias-alternativas\/\" \/>\n<meta property=\"og:locale\" content=\"es_ES\" \/>\n<meta property=\"og:type\" content=\"article\" \/>\n<meta property=\"og:title\" content=\"Terapias Alternativas - Neocorpo\" \/>\n<meta property=\"og:description\" content=\"Las terapias alternativas son modelos terap\u00e9uticos con sus principios, t\u00e9cnicas diagn\u00f3sticas y herramientas terap\u00e9uticas particulares. Con ellas tratamos a los pacientes con un prisma diferente pero af\u00edn a las caracter\u00edsticas de nuestros pacientes.\" \/>\n<meta property=\"og:url\" content=\"https:\/\/www.neocorpo.org\/es\/terapias-alternativas\/\" \/>\n<meta property=\"og:site_name\" content=\"Neocorpo\" \/>\n<meta property=\"article:modified_time\" content=\"2018-04-06T10:07:54+00:00\" \/>\n<meta property=\"og:image\" content=\"https:\/\/www.neocorpo.org\/wp-content\/uploads\/2017\/04\/reiki-barcelona.jpg\" \/>\n\t<meta property=\"og:image:width\" content=\"850\" \/>\n\t<meta property=\"og:image:height\" content=\"567\" \/>\n\t<meta property=\"og:image:type\" content=\"image\/jpeg\" \/>\n<meta name=\"twitter:card\" content=\"summary_large_image\" \/>\n<meta name=\"twitter:label1\" content=\"Tiempo de lectura\" \/>\n\t<meta name=\"twitter:data1\" content=\"1 minuto\" \/>\n<script type=\"application\/ld+json\" class=\"yoast-schema-graph\">{\"@context\":\"https:\\\/\\\/schema.org\",\"@graph\":[{\"@type\":\"WebPage\",\"@id\":\"https:\\\/\\\/www.neocorpo.org\\\/es\\\/terapias-alternativas\\\/\",\"url\":\"https:\\\/\\\/www.neocorpo.org\\\/es\\\/terapias-alternativas\\\/\",\"name\":\"Terapias Alternativas - Neocorpo\",\"isPartOf\":{\"@id\":\"https:\\\/\\\/www.neocorpo.org\\\/#website\"},\"primaryImageOfPage\":{\"@id\":\"https:\\\/\\\/www.neocorpo.org\\\/es\\\/terapias-alternativas\\\/#primaryimage\"},\"image\":{\"@id\":\"https:\\\/\\\/www.neocorpo.org\\\/es\\\/terapias-alternativas\\\/#primaryimage\"},\"thumbnailUrl\":\"https:\\\/\\\/www.neocorpo.org\\\/wp-content\\\/uploads\\\/2017\\\/04\\\/reiki-barcelona.jpg\",\"datePublished\":\"2017-04-25T09:42:34+00:00\",\"dateModified\":\"2018-04-06T10:07:54+00:00\",\"breadcrumb\":{\"@id\":\"https:\\\/\\\/www.neocorpo.org\\\/es\\\/terapias-alternativas\\\/#breadcrumb\"},\"inLanguage\":\"es\",\"potentialAction\":[{\"@type\":\"ReadAction\",\"target\":[\"https:\\\/\\\/www.neocorpo.org\\\/es\\\/terapias-alternativas\\\/\"]}]},{\"@type\":\"ImageObject\",\"inLanguage\":\"es\",\"@id\":\"https:\\\/\\\/www.neocorpo.org\\\/es\\\/terapias-alternativas\\\/#primaryimage\",\"url\":\"https:\\\/\\\/www.neocorpo.org\\\/wp-content\\\/uploads\\\/2017\\\/04\\\/reiki-barcelona.jpg\",\"contentUrl\":\"https:\\\/\\\/www.neocorpo.org\\\/wp-content\\\/uploads\\\/2017\\\/04\\\/reiki-barcelona.jpg\",\"width\":850,\"height\":567,\"caption\":\"reiki barcelona\"},{\"@type\":\"BreadcrumbList\",\"@id\":\"https:\\\/\\\/www.neocorpo.org\\\/es\\\/terapias-alternativas\\\/#breadcrumb\",\"itemListElement\":[{\"@type\":\"ListItem\",\"position\":1,\"name\":\"Portada\",\"item\":\"https:\\\/\\\/www.neocorpo.org\\\/es\\\/\"},{\"@type\":\"ListItem\",\"position\":2,\"name\":\"Terapias Alternativas\"}]},{\"@type\":\"WebSite\",\"@id\":\"https:\\\/\\\/www.neocorpo.org\\\/#website\",\"url\":\"https:\\\/\\\/www.neocorpo.org\\\/\",\"name\":\"Neocorpo\",\"description\":\"Barcelona\",\"potentialAction\":[{\"@type\":\"SearchAction\",\"target\":{\"@type\":\"EntryPoint\",\"urlTemplate\":\"https:\\\/\\\/www.neocorpo.org\\\/?s={search_term_string}\"},\"query-input\":{\"@type\":\"PropertyValueSpecification\",\"valueRequired\":true,\"valueName\":\"search_term_string\"}}],\"inLanguage\":\"es\"}]}<\/script>\n<!-- \/ Yoast SEO plugin. -->","yoast_head_json":{"title":"Terapias Alternativas - Neocorpo","robots":{"index":"index","follow":"follow","max-snippet":"max-snippet:-1","max-image-preview":"max-image-preview:large","max-video-preview":"max-video-preview:-1"},"canonical":"https:\/\/www.neocorpo.org\/es\/terapias-alternativas\/","og_locale":"es_ES","og_type":"article","og_title":"Terapias Alternativas - Neocorpo","og_description":"Las terapias alternativas son modelos terap\u00e9uticos con sus principios, t\u00e9cnicas diagn\u00f3sticas y herramientas terap\u00e9uticas particulares. Con ellas tratamos a los pacientes con un prisma diferente pero af\u00edn a las caracter\u00edsticas de nuestros pacientes.","og_url":"https:\/\/www.neocorpo.org\/es\/terapias-alternativas\/","og_site_name":"Neocorpo","article_modified_time":"2018-04-06T10:07:54+00:00","og_image":[{"width":850,"height":567,"url":"https:\/\/www.neocorpo.org\/wp-content\/uploads\/2017\/04\/reiki-barcelona.jpg","type":"image\/jpeg"}],"twitter_card":"summary_large_image","twitter_misc":{"Tiempo de lectura":"1 minuto"},"schema":{"@context":"https:\/\/schema.org","@graph":[{"@type":"WebPage","@id":"https:\/\/www.neocorpo.org\/es\/terapias-alternativas\/","url":"https:\/\/www.neocorpo.org\/es\/terapias-alternativas\/","name":"Terapias Alternativas - Neocorpo","isPartOf":{"@id":"https:\/\/www.neocorpo.org\/#website"},"primaryImageOfPage":{"@id":"https:\/\/www.neocorpo.org\/es\/terapias-alternativas\/#primaryimage"},"image":{"@id":"https:\/\/www.neocorpo.org\/es\/terapias-alternativas\/#primaryimage"},"thumbnailUrl":"https:\/\/www.neocorpo.org\/wp-content\/uploads\/2017\/04\/reiki-barcelona.jpg","datePublished":"2017-04-25T09:42:34+00:00","dateModified":"2018-04-06T10:07:54+00:00","breadcrumb":{"@id":"https:\/\/www.neocorpo.org\/es\/terapias-alternativas\/#breadcrumb"},"inLanguage":"es","potentialAction":[{"@type":"ReadAction","target":["https:\/\/www.neocorpo.org\/es\/terapias-alternativas\/"]}]},{"@type":"ImageObject","inLanguage":"es","@id":"https:\/\/www.neocorpo.org\/es\/terapias-alternativas\/#primaryimage","url":"https:\/\/www.neocorpo.org\/wp-content\/uploads\/2017\/04\/reiki-barcelona.jpg","contentUrl":"https:\/\/www.neocorpo.org\/wp-content\/uploads\/2017\/04\/reiki-barcelona.jpg","width":850,"height":567,"caption":"reiki barcelona"},{"@type":"BreadcrumbList","@id":"https:\/\/www.neocorpo.org\/es\/terapias-alternativas\/#breadcrumb","itemListElement":[{"@type":"ListItem","position":1,"name":"Portada","item":"https:\/\/www.neocorpo.org\/es\/"},{"@type":"ListItem","position":2,"name":"Terapias Alternativas"}]},{"@type":"WebSite","@id":"https:\/\/www.neocorpo.org\/#website","url":"https:\/\/www.neocorpo.org\/","name":"Neocorpo","description":"Barcelona","potentialAction":[{"@type":"SearchAction","target":{"@type":"EntryPoint","urlTemplate":"https:\/\/www.neocorpo.org\/?s={search_term_string}"},"query-input":{"@type":"PropertyValueSpecification","valueRequired":true,"valueName":"search_term_string"}}],"inLanguage":"es"}]}},"_links":{"self":[{"href":"https:\/\/www.neocorpo.org\/es\/wp-json\/wp\/v2\/pages\/8346","targetHints":{"allow":["GET"]}}],"collection":[{"href":"https:\/\/www.neocorpo.org\/es\/wp-json\/wp\/v2\/pages"}],"about":[{"href":"https:\/\/www.neocorpo.org\/es\/wp-json\/wp\/v2\/types\/page"}],"author":[{"embeddable":true,"href":"https:\/\/www.neocorpo.org\/es\/wp-json\/wp\/v2\/users\/9"}],"replies":[{"embeddable":true,"href":"https:\/\/www.neocorpo.org\/es\/wp-json\/wp\/v2\/comments?post=8346"}],"version-history":[{"count":6,"href":"https:\/\/www.neocorpo.org\/es\/wp-json\/wp\/v2\/pages\/8346\/revisions"}],"predecessor-version":[{"id":8439,"href":"https:\/\/www.neocorpo.org\/es\/wp-json\/wp\/v2\/pages\/8346\/revisions\/8439"}],"wp:featuredmedia":[{"embeddable":true,"href":"https:\/\/www.neocorpo.org\/es\/wp-json\/wp\/v2\/media\/7913"}],"wp:attachment":[{"href":"https:\/\/www.neocorpo.org\/es\/wp-json\/wp\/v2\/media?parent=8346"}],"curies":[{"name":"wp","href":"https:\/\/api.w.org\/{rel}","templated":true}]}}