{"id":8338,"date":"2015-12-28T20:04:07","date_gmt":"2015-12-28T20:04:07","guid":{"rendered":"http:\/\/www.neocorpo.org\/serveis\/terapia-activa-grupal\/"},"modified":"2018-04-06T10:07:48","modified_gmt":"2018-04-06T10:07:48","slug":"terapia-activa-grupal-barcelona","status":"publish","type":"page","link":"https:\/\/www.neocorpo.org\/es\/terapia-activa-grupal-barcelona\/","title":{"rendered":"Terapia Activa Grupal"},"content":{"rendered":"<div id=\"pl-8338\"  class=\"panel-layout\" ><div id=\"pg-8338-0\"  class=\"panel-grid panel-has-style\" ><div class=\"panel-row-style panel-row-style-for-8338-0\" ><div id=\"pgc-8338-0-0\"  class=\"panel-grid-cell\" ><div id=\"panel-8338-0-0-0\" class=\"so-panel widget widget_sow-editor panel-first-child panel-last-child\" data-index=\"0\" ><div\n\t\t\t\n\t\t\tclass=\"so-widget-sow-editor so-widget-sow-editor-base\"\n\t\t\t\n\t\t>\n<div class=\"siteorigin-widget-tinymce textwidget\">\n\t<p><span style=\"color: #56afd5; font-size: 15px;\"><strong>Escuela de Espalda<\/strong><\/span><\/p>\n<p>Es la base nuestra Terapia Activa. Es un m\u00e9todo propio, integrado por t\u00e9cnicas respiratorias, de reeducaci\u00f3n postural y tonificaci\u00f3n abdominal, gracias al cual nuestros pacientes logran la capacidad de autotratarse, aprendiendo ejercicios de manera f\u00e1cil y progresiva. Las sesiones son siempre en grupo reducido, para asegurar la atenci\u00f3n constante sobre la ejecuci\u00f3n t\u00e9cnica de los ejercicios. Estiramientos activos, estiramientos pasivos, autoelongaciones y hipopresivos, son algunas de las t\u00e9cnicas que componen nuestro m\u00e9todo.<\/p>\n<p>\u00a0<\/p>\n<\/div>\n<\/div><\/div><\/div><div id=\"pgc-8338-0-1\"  class=\"panel-grid-cell\" ><div id=\"panel-8338-0-1-0\" class=\"so-panel widget widget_sow-editor panel-first-child panel-last-child\" data-index=\"1\" ><div\n\t\t\t\n\t\t\tclass=\"so-widget-sow-editor so-widget-sow-editor-base\"\n\t\t\t\n\t\t>\n<div class=\"siteorigin-widget-tinymce textwidget\">\n\t<p><img loading=\"lazy\" decoding=\"async\" class=\"aligncenter wp-image-7907 size-full\" src=\"http:\/\/www.neocorpo.org\/wp-content\/uploads\/2015\/12\/escola-esquena-barcelona-1.jpg\" alt=\"escola esquena barcelona\" width=\"850\" height=\"567\" srcset=\"https:\/\/www.neocorpo.org\/wp-content\/uploads\/2015\/12\/escola-esquena-barcelona-1.jpg 850w, https:\/\/www.neocorpo.org\/wp-content\/uploads\/2015\/12\/escola-esquena-barcelona-1-300x200.jpg 300w, https:\/\/www.neocorpo.org\/wp-content\/uploads\/2015\/12\/escola-esquena-barcelona-1-768x512.jpg 768w, https:\/\/www.neocorpo.org\/wp-content\/uploads\/2015\/12\/escola-esquena-barcelona-1-360x240.jpg 360w, https:\/\/www.neocorpo.org\/wp-content\/uploads\/2015\/12\/escola-esquena-barcelona-1-272x182.jpg 272w\" sizes=\"auto, (max-width: 850px) 100vw, 850px\" \/><\/p>\n<\/div>\n<\/div><\/div><\/div><\/div><\/div><div id=\"pg-8338-1\"  class=\"panel-grid panel-has-style\" ><div class=\"panel-row-style panel-row-style-for-8338-1\" ><div id=\"pgc-8338-1-0\"  class=\"panel-grid-cell\" ><div id=\"panel-8338-1-0-0\" class=\"so-panel widget widget_sow-editor panel-first-child panel-last-child\" data-index=\"2\" ><div\n\t\t\t\n\t\t\tclass=\"so-widget-sow-editor so-widget-sow-editor-base\"\n\t\t\t\n\t\t>\n<div class=\"siteorigin-widget-tinymce textwidget\">\n\t<p><img loading=\"lazy\" decoding=\"async\" class=\"aligncenter wp-image-7906 size-full\" src=\"http:\/\/www.neocorpo.org\/wp-content\/uploads\/2015\/12\/powerback-barcelona.jpg\" alt=\"powerback barcelona\" width=\"850\" height=\"567\" srcset=\"https:\/\/www.neocorpo.org\/wp-content\/uploads\/2015\/12\/powerback-barcelona.jpg 850w, https:\/\/www.neocorpo.org\/wp-content\/uploads\/2015\/12\/powerback-barcelona-300x200.jpg 300w, https:\/\/www.neocorpo.org\/wp-content\/uploads\/2015\/12\/powerback-barcelona-768x512.jpg 768w, https:\/\/www.neocorpo.org\/wp-content\/uploads\/2015\/12\/powerback-barcelona-360x240.jpg 360w, https:\/\/www.neocorpo.org\/wp-content\/uploads\/2015\/12\/powerback-barcelona-272x182.jpg 272w\" sizes=\"auto, (max-width: 850px) 100vw, 850px\" \/><\/p>\n<\/div>\n<\/div><\/div><\/div><div id=\"pgc-8338-1-1\"  class=\"panel-grid-cell\" ><div id=\"panel-8338-1-1-0\" class=\"so-panel widget widget_sow-editor panel-first-child panel-last-child\" data-index=\"3\" ><div\n\t\t\t\n\t\t\tclass=\"so-widget-sow-editor so-widget-sow-editor-base\"\n\t\t\t\n\t\t>\n<div class=\"siteorigin-widget-tinymce textwidget\">\n\t<p><span style=\"color: #56afd5; font-size: 15px;\"><strong>Powerback<\/strong><\/span><\/p>\n<p>Es la evoluci\u00f3n de nivel de la Escuela de espalda. Tiene la misma finalidad terap\u00e9utica, pero adaptada a los pacientes que ya han logrado los objetivos de la Escuela de espalda y quieren seguir evolucionando. Los fundamentos son los mismos, a pesar de que la intensidad de los ejercicios es mayor y el gasto energ\u00e9tico que supone para los pacientes es tambi\u00e9n m\u00e1s importante. Ponemos m\u00e1s \u00e9nfasis en el trabajo de fuerza abdominal y de cadenas musculares y evolucionamos hacia ejercicios de reeducaci\u00f3n postural m\u00e1s complejos que requieren de un estado de forma determinado.<\/p>\n<p>\u00a0<\/p>\n<\/div>\n<\/div><\/div><\/div><\/div><\/div><div id=\"pg-8338-2\"  class=\"panel-grid panel-has-style\" ><div class=\"panel-row-style panel-row-style-for-8338-2\" ><div id=\"pgc-8338-2-0\"  class=\"panel-grid-cell\" ><div id=\"panel-8338-2-0-0\" class=\"so-panel widget widget_sow-editor panel-first-child panel-last-child\" data-index=\"4\" ><div\n\t\t\t\n\t\t\tclass=\"so-widget-sow-editor so-widget-sow-editor-base\"\n\t\t\t\n\t\t>\n<div class=\"siteorigin-widget-tinymce textwidget\">\n\t<p><span style=\"color: #56afd5; font-size: 15px;\"><strong>Chi-Kung<\/strong><\/span><\/p>\n<p>El Chi-Kung, se puede traducir como \"el trabajo de la energ\u00eda vital\" o el arte de hacer circular la energ\u00eda de la manera m\u00e1s adecuada a la finalidad con la cual se practica. Es una terapia que proviene de la medicina tradicional china, se puede practicar con el cuerpo quieto o en movimiento y puede involucrar patrones prefijados o no. Para comprender mejor en que consiste, podemos definir el Chii-Kung como un conjunto de ejercicios de respiraci\u00f3n y movimiento, con beneficio para la salud gracias a la pr\u00e1ctica de ejercicio f\u00edsico y la educaci\u00f3n de la respiraci\u00f3n. Est\u00e1 considerada una pr\u00e1ctica de bajo impacto por lo cual puede ser practicada por personas de cualquier edad.<\/p>\n<p>\u00a0<\/p>\n<\/div>\n<\/div><\/div><\/div><div id=\"pgc-8338-2-1\"  class=\"panel-grid-cell\" ><div id=\"panel-8338-2-1-0\" class=\"so-panel widget widget_sow-editor panel-first-child panel-last-child\" data-index=\"5\" ><div\n\t\t\t\n\t\t\tclass=\"so-widget-sow-editor so-widget-sow-editor-base\"\n\t\t\t\n\t\t>\n<div class=\"siteorigin-widget-tinymce textwidget\">\n\t<p><img loading=\"lazy\" decoding=\"async\" class=\"aligncenter wp-image-7905 size-full\" src=\"http:\/\/www.neocorpo.org\/wp-content\/uploads\/2015\/12\/Chi-kung-barcelona.jpg\" alt=\"\" width=\"850\" height=\"567\" srcset=\"https:\/\/www.neocorpo.org\/wp-content\/uploads\/2015\/12\/Chi-kung-barcelona.jpg 850w, https:\/\/www.neocorpo.org\/wp-content\/uploads\/2015\/12\/Chi-kung-barcelona-300x200.jpg 300w, https:\/\/www.neocorpo.org\/wp-content\/uploads\/2015\/12\/Chi-kung-barcelona-768x512.jpg 768w, https:\/\/www.neocorpo.org\/wp-content\/uploads\/2015\/12\/Chi-kung-barcelona-360x240.jpg 360w, https:\/\/www.neocorpo.org\/wp-content\/uploads\/2015\/12\/Chi-kung-barcelona-272x182.jpg 272w\" sizes=\"auto, (max-width: 850px) 100vw, 850px\" \/><\/p>\n<\/div>\n<\/div><\/div><\/div><\/div><\/div><\/div>","protected":false},"excerpt":{"rendered":"<p>El movimiento es salud. La inactividad nos lleva a la rigidez, cierre y bloqueo, lo que puede desencadenar en disfunci\u00f3n y enfermedad. Proponemos un m\u00e9todo basado en el conocimiento de las t\u00e9cnicas m\u00e1s efectivas en reeducaci\u00f3n postural y tonificaci\u00f3n muscular. Trabajamos en grupos reducidos donde ense\u00f1amos a conocer el cuerpo y practicamos los ejercicios guiados de manera progresiva. El objetivo es que el paciente pueda adquirir la autonom\u00eda suficiente como para integrar la Terapia Activa a su vida cotidiana.<\/p>\n","protected":false},"author":9,"featured_media":7986,"parent":0,"menu_order":0,"comment_status":"closed","ping_status":"closed","template":"","meta":{"footnotes":""},"class_list":["post-8338","page","type-page","status-publish","has-post-thumbnail","hentry"],"yoast_head":"<!-- This site is optimized with the Yoast SEO plugin v27.3 - https:\/\/yoast.com\/product\/yoast-seo-wordpress\/ -->\n<title>Terapia Activa Grupal - Neocorpo<\/title>\n<meta name=\"robots\" content=\"index, follow, max-snippet:-1, max-image-preview:large, max-video-preview:-1\" \/>\n<link rel=\"canonical\" href=\"https:\/\/www.neocorpo.org\/es\/terapia-activa-grupal-barcelona\/\" \/>\n<meta property=\"og:locale\" content=\"es_ES\" \/>\n<meta property=\"og:type\" content=\"article\" \/>\n<meta property=\"og:title\" content=\"Terapia Activa Grupal - Neocorpo\" \/>\n<meta property=\"og:description\" content=\"El movimiento es salud. La inactividad nos lleva a la rigidez, cierre y bloqueo, lo que puede desencadenar en disfunci\u00f3n y enfermedad. Proponemos un m\u00e9todo basado en el conocimiento de las t\u00e9cnicas m\u00e1s efectivas en reeducaci\u00f3n postural y tonificaci\u00f3n muscular. Trabajamos en grupos reducidos donde ense\u00f1amos a conocer el cuerpo y practicamos los ejercicios guiados de manera progresiva. El objetivo es que el paciente pueda adquirir la autonom\u00eda suficiente como para integrar la Terapia Activa a su vida cotidiana.\" \/>\n<meta property=\"og:url\" content=\"https:\/\/www.neocorpo.org\/es\/terapia-activa-grupal-barcelona\/\" \/>\n<meta property=\"og:site_name\" content=\"Neocorpo\" \/>\n<meta property=\"article:modified_time\" content=\"2018-04-06T10:07:48+00:00\" \/>\n<meta property=\"og:image\" content=\"https:\/\/www.neocorpo.org\/wp-content\/uploads\/2015\/12\/escuela-espalda-barcelona-1.jpg\" \/>\n\t<meta property=\"og:image:width\" content=\"720\" \/>\n\t<meta property=\"og:image:height\" content=\"480\" \/>\n\t<meta property=\"og:image:type\" content=\"image\/jpeg\" \/>\n<meta name=\"twitter:card\" content=\"summary_large_image\" \/>\n<meta name=\"twitter:label1\" content=\"Tiempo de lectura\" \/>\n\t<meta name=\"twitter:data1\" content=\"2 minutos\" \/>\n<script type=\"application\/ld+json\" class=\"yoast-schema-graph\">{\"@context\":\"https:\\\/\\\/schema.org\",\"@graph\":[{\"@type\":\"WebPage\",\"@id\":\"https:\\\/\\\/www.neocorpo.org\\\/es\\\/terapia-activa-grupal-barcelona\\\/\",\"url\":\"https:\\\/\\\/www.neocorpo.org\\\/es\\\/terapia-activa-grupal-barcelona\\\/\",\"name\":\"Terapia Activa Grupal - Neocorpo\",\"isPartOf\":{\"@id\":\"https:\\\/\\\/www.neocorpo.org\\\/#website\"},\"primaryImageOfPage\":{\"@id\":\"https:\\\/\\\/www.neocorpo.org\\\/es\\\/terapia-activa-grupal-barcelona\\\/#primaryimage\"},\"image\":{\"@id\":\"https:\\\/\\\/www.neocorpo.org\\\/es\\\/terapia-activa-grupal-barcelona\\\/#primaryimage\"},\"thumbnailUrl\":\"https:\\\/\\\/www.neocorpo.org\\\/wp-content\\\/uploads\\\/2015\\\/12\\\/escuela-espalda-barcelona-1.jpg\",\"datePublished\":\"2015-12-28T20:04:07+00:00\",\"dateModified\":\"2018-04-06T10:07:48+00:00\",\"breadcrumb\":{\"@id\":\"https:\\\/\\\/www.neocorpo.org\\\/es\\\/terapia-activa-grupal-barcelona\\\/#breadcrumb\"},\"inLanguage\":\"es\",\"potentialAction\":[{\"@type\":\"ReadAction\",\"target\":[\"https:\\\/\\\/www.neocorpo.org\\\/es\\\/terapia-activa-grupal-barcelona\\\/\"]}]},{\"@type\":\"ImageObject\",\"inLanguage\":\"es\",\"@id\":\"https:\\\/\\\/www.neocorpo.org\\\/es\\\/terapia-activa-grupal-barcelona\\\/#primaryimage\",\"url\":\"https:\\\/\\\/www.neocorpo.org\\\/wp-content\\\/uploads\\\/2015\\\/12\\\/escuela-espalda-barcelona-1.jpg\",\"contentUrl\":\"https:\\\/\\\/www.neocorpo.org\\\/wp-content\\\/uploads\\\/2015\\\/12\\\/escuela-espalda-barcelona-1.jpg\",\"width\":720,\"height\":480},{\"@type\":\"BreadcrumbList\",\"@id\":\"https:\\\/\\\/www.neocorpo.org\\\/es\\\/terapia-activa-grupal-barcelona\\\/#breadcrumb\",\"itemListElement\":[{\"@type\":\"ListItem\",\"position\":1,\"name\":\"Portada\",\"item\":\"https:\\\/\\\/www.neocorpo.org\\\/es\\\/\"},{\"@type\":\"ListItem\",\"position\":2,\"name\":\"Terapia Activa Grupal\"}]},{\"@type\":\"WebSite\",\"@id\":\"https:\\\/\\\/www.neocorpo.org\\\/#website\",\"url\":\"https:\\\/\\\/www.neocorpo.org\\\/\",\"name\":\"Neocorpo\",\"description\":\"Barcelona\",\"potentialAction\":[{\"@type\":\"SearchAction\",\"target\":{\"@type\":\"EntryPoint\",\"urlTemplate\":\"https:\\\/\\\/www.neocorpo.org\\\/?s={search_term_string}\"},\"query-input\":{\"@type\":\"PropertyValueSpecification\",\"valueRequired\":true,\"valueName\":\"search_term_string\"}}],\"inLanguage\":\"es\"}]}<\/script>\n<!-- \/ Yoast SEO plugin. -->","yoast_head_json":{"title":"Terapia Activa Grupal - Neocorpo","robots":{"index":"index","follow":"follow","max-snippet":"max-snippet:-1","max-image-preview":"max-image-preview:large","max-video-preview":"max-video-preview:-1"},"canonical":"https:\/\/www.neocorpo.org\/es\/terapia-activa-grupal-barcelona\/","og_locale":"es_ES","og_type":"article","og_title":"Terapia Activa Grupal - Neocorpo","og_description":"El movimiento es salud. La inactividad nos lleva a la rigidez, cierre y bloqueo, lo que puede desencadenar en disfunci\u00f3n y enfermedad. Proponemos un m\u00e9todo basado en el conocimiento de las t\u00e9cnicas m\u00e1s efectivas en reeducaci\u00f3n postural y tonificaci\u00f3n muscular. Trabajamos en grupos reducidos donde ense\u00f1amos a conocer el cuerpo y practicamos los ejercicios guiados de manera progresiva. El objetivo es que el paciente pueda adquirir la autonom\u00eda suficiente como para integrar la Terapia Activa a su vida cotidiana.","og_url":"https:\/\/www.neocorpo.org\/es\/terapia-activa-grupal-barcelona\/","og_site_name":"Neocorpo","article_modified_time":"2018-04-06T10:07:48+00:00","og_image":[{"width":720,"height":480,"url":"https:\/\/www.neocorpo.org\/wp-content\/uploads\/2015\/12\/escuela-espalda-barcelona-1.jpg","type":"image\/jpeg"}],"twitter_card":"summary_large_image","twitter_misc":{"Tiempo de lectura":"2 minutos"},"schema":{"@context":"https:\/\/schema.org","@graph":[{"@type":"WebPage","@id":"https:\/\/www.neocorpo.org\/es\/terapia-activa-grupal-barcelona\/","url":"https:\/\/www.neocorpo.org\/es\/terapia-activa-grupal-barcelona\/","name":"Terapia Activa Grupal - Neocorpo","isPartOf":{"@id":"https:\/\/www.neocorpo.org\/#website"},"primaryImageOfPage":{"@id":"https:\/\/www.neocorpo.org\/es\/terapia-activa-grupal-barcelona\/#primaryimage"},"image":{"@id":"https:\/\/www.neocorpo.org\/es\/terapia-activa-grupal-barcelona\/#primaryimage"},"thumbnailUrl":"https:\/\/www.neocorpo.org\/wp-content\/uploads\/2015\/12\/escuela-espalda-barcelona-1.jpg","datePublished":"2015-12-28T20:04:07+00:00","dateModified":"2018-04-06T10:07:48+00:00","breadcrumb":{"@id":"https:\/\/www.neocorpo.org\/es\/terapia-activa-grupal-barcelona\/#breadcrumb"},"inLanguage":"es","potentialAction":[{"@type":"ReadAction","target":["https:\/\/www.neocorpo.org\/es\/terapia-activa-grupal-barcelona\/"]}]},{"@type":"ImageObject","inLanguage":"es","@id":"https:\/\/www.neocorpo.org\/es\/terapia-activa-grupal-barcelona\/#primaryimage","url":"https:\/\/www.neocorpo.org\/wp-content\/uploads\/2015\/12\/escuela-espalda-barcelona-1.jpg","contentUrl":"https:\/\/www.neocorpo.org\/wp-content\/uploads\/2015\/12\/escuela-espalda-barcelona-1.jpg","width":720,"height":480},{"@type":"BreadcrumbList","@id":"https:\/\/www.neocorpo.org\/es\/terapia-activa-grupal-barcelona\/#breadcrumb","itemListElement":[{"@type":"ListItem","position":1,"name":"Portada","item":"https:\/\/www.neocorpo.org\/es\/"},{"@type":"ListItem","position":2,"name":"Terapia Activa Grupal"}]},{"@type":"WebSite","@id":"https:\/\/www.neocorpo.org\/#website","url":"https:\/\/www.neocorpo.org\/","name":"Neocorpo","description":"Barcelona","potentialAction":[{"@type":"SearchAction","target":{"@type":"EntryPoint","urlTemplate":"https:\/\/www.neocorpo.org\/?s={search_term_string}"},"query-input":{"@type":"PropertyValueSpecification","valueRequired":true,"valueName":"search_term_string"}}],"inLanguage":"es"}]}},"_links":{"self":[{"href":"https:\/\/www.neocorpo.org\/es\/wp-json\/wp\/v2\/pages\/8338","targetHints":{"allow":["GET"]}}],"collection":[{"href":"https:\/\/www.neocorpo.org\/es\/wp-json\/wp\/v2\/pages"}],"about":[{"href":"https:\/\/www.neocorpo.org\/es\/wp-json\/wp\/v2\/types\/page"}],"author":[{"embeddable":true,"href":"https:\/\/www.neocorpo.org\/es\/wp-json\/wp\/v2\/users\/9"}],"replies":[{"embeddable":true,"href":"https:\/\/www.neocorpo.org\/es\/wp-json\/wp\/v2\/comments?post=8338"}],"version-history":[{"count":7,"href":"https:\/\/www.neocorpo.org\/es\/wp-json\/wp\/v2\/pages\/8338\/revisions"}],"predecessor-version":[{"id":8437,"href":"https:\/\/www.neocorpo.org\/es\/wp-json\/wp\/v2\/pages\/8338\/revisions\/8437"}],"wp:featuredmedia":[{"embeddable":true,"href":"https:\/\/www.neocorpo.org\/es\/wp-json\/wp\/v2\/media\/7986"}],"wp:attachment":[{"href":"https:\/\/www.neocorpo.org\/es\/wp-json\/wp\/v2\/media?parent=8338"}],"curies":[{"name":"wp","href":"https:\/\/api.w.org\/{rel}","templated":true}]}}