{"id":8325,"date":"2015-12-28T20:04:19","date_gmt":"2015-12-28T20:04:19","guid":{"rendered":"http:\/\/www.neocorpo.org\/serveis\/pnie-clinica\/"},"modified":"2018-04-06T10:07:32","modified_gmt":"2018-04-06T10:07:32","slug":"pnie-clinica-barcelona","status":"publish","type":"page","link":"https:\/\/www.neocorpo.org\/es\/pnie-clinica-barcelona\/","title":{"rendered":"PNIE Cl\u00ednica"},"content":{"rendered":"<div id=\"pl-8325\"  class=\"panel-layout\" ><div id=\"pg-8325-0\"  class=\"panel-grid panel-no-style\" ><div id=\"pgc-8325-0-0\"  class=\"panel-grid-cell\" ><div id=\"panel-8325-0-0-0\" class=\"so-panel widget widget_sow-editor panel-first-child panel-last-child\" data-index=\"0\" ><div\n\t\t\t\n\t\t\tclass=\"so-widget-sow-editor so-widget-sow-editor-base\"\n\t\t\t\n\t\t>\n<div class=\"siteorigin-widget-tinymce textwidget\">\n\t<p>La Psiconeuroinmunologia es un campo cient\u00edfico interdisciplinario que se dedica al estudio e investigaci\u00f3n de los mecanismos de interacci\u00f3n y comunicaci\u00f3n entre el cerebro (mente\/conducta) y los sistemas responsables del mantenimiento homeost\u00e1tico del organismo, los sistemas: nervioso (central y aut\u00f3nomo), inmunol\u00f3gico y neuroendocrino, as\u00ed como sus implicaciones cl\u00ednicas. Su metodologia se fundamenta en realizar un abordaje integral de la persona que permite hacer un diagn\u00f3stico lo m\u00e1s completo posible de las enfermedades o disfunciones que involucran el sistema endocrino, el sistema nervioso y el sistema inmunitario.<\/p>\n<\/div>\n<\/div><\/div><\/div><\/div><div id=\"pg-8325-1\"  class=\"panel-grid panel-has-style\" ><div class=\"panel-row-style panel-row-style-for-8325-1\" ><div id=\"pgc-8325-1-0\"  class=\"panel-grid-cell\" ><div id=\"panel-8325-1-0-0\" class=\"so-panel widget widget_sow-editor panel-first-child panel-last-child\" data-index=\"1\" ><div\n\t\t\t\n\t\t\tclass=\"so-widget-sow-editor so-widget-sow-editor-base\"\n\t\t\t\n\t\t>\n<div class=\"siteorigin-widget-tinymce textwidget\">\n\t<p><img loading=\"lazy\" decoding=\"async\" class=\"alignright wp-image-7899 size-full\" src=\"http:\/\/www.neocorpo.org\/wp-content\/uploads\/2015\/12\/pnie-barcelona.jpg\" alt=\"\" width=\"850\" height=\"567\" srcset=\"https:\/\/www.neocorpo.org\/wp-content\/uploads\/2015\/12\/pnie-barcelona.jpg 850w, https:\/\/www.neocorpo.org\/wp-content\/uploads\/2015\/12\/pnie-barcelona-300x200.jpg 300w, https:\/\/www.neocorpo.org\/wp-content\/uploads\/2015\/12\/pnie-barcelona-768x512.jpg 768w, https:\/\/www.neocorpo.org\/wp-content\/uploads\/2015\/12\/pnie-barcelona-360x240.jpg 360w, https:\/\/www.neocorpo.org\/wp-content\/uploads\/2015\/12\/pnie-barcelona-272x182.jpg 272w\" sizes=\"auto, (max-width: 850px) 100vw, 850px\" \/><\/p>\n<\/div>\n<\/div><\/div><\/div><div id=\"pgc-8325-1-1\"  class=\"panel-grid-cell\" ><div id=\"panel-8325-1-1-0\" class=\"so-panel widget widget_sow-editor panel-first-child panel-last-child\" data-index=\"2\" ><div\n\t\t\t\n\t\t\tclass=\"so-widget-sow-editor so-widget-sow-editor-base\"\n\t\t\t\n\t\t>\n<div class=\"siteorigin-widget-tinymce textwidget\">\n\t<p><img loading=\"lazy\" decoding=\"async\" class=\"a\" src=\"http:\/\/www.neocorpo.org\/wp-content\/uploads\/2015\/12\/fisitorapeuta-barcelona-300x200.jpg\" alt=\"centro fisioterapia barcelona\" width=\"670\" height=\"446\" \/><\/p>\n<\/div>\n<\/div><\/div><\/div><\/div><\/div><div id=\"pg-8325-2\"  class=\"panel-grid panel-no-style\" ><div id=\"pgc-8325-2-0\"  class=\"panel-grid-cell\" ><div id=\"panel-8325-2-0-0\" class=\"so-panel widget widget_sow-editor panel-first-child\" data-index=\"3\" ><div\n\t\t\t\n\t\t\tclass=\"so-widget-sow-editor so-widget-sow-editor-base\"\n\t\t\t\n\t\t>\n<div class=\"siteorigin-widget-tinymce textwidget\">\n\t<p>Actualmente, la norma en la medicina alop\u00e1tica es que cada dolencia o s\u00edntoma del paciente es tratado por especialistas de varios campos. En Terapia Integrativa, el hecho de llevar a cabo una valoraci\u00f3n conjunta e integral del paciente, posibilita la resoluci\u00f3n de un problema multifactorial que puede ser que el paciente lleve a\u00f1os sufriendo. Las herramientas que utiliza la PNIE para ayudar al paciente son: la correcci\u00f3n de h\u00e1bitos alimentarios e higi\u00e9nicos, superaci\u00f3n de h\u00e1bitos t\u00f3xicos, promoci\u00f3n de la actividad f\u00edsica, ayudar a dormir mejor, la medicina ortomolecular, la microinmunologia, la micoterapia, las t\u00e9cnicas de psicoterapia como la terapia breve estrat\u00e9gica y otras, con el foco puesto en la individualidad y pluridimensionalidad de la persona.<\/p>\n<p>\u00a0<\/p>\n<p>\u00a0<\/p>\n<\/div>\n<\/div><\/div><div id=\"panel-8325-2-0-1\" class=\"so-panel widget widget_sow-editor panel-last-child\" data-index=\"4\" ><div class=\"panel-widget-style panel-widget-style-for-8325-2-0-1\" ><div\n\t\t\t\n\t\t\tclass=\"so-widget-sow-editor so-widget-sow-editor-base\"\n\t\t\t\n\t\t>\n<div class=\"siteorigin-widget-tinymce textwidget\">\n\t<p><span style=\"color: #56afd5; font-size: 15px;\"><strong>Principales patologias abordadas:<\/strong><\/span><\/p>\n<hr \/>\n<p>\u00a0<\/p>\n<\/div>\n<\/div><\/div><\/div><\/div><\/div><div id=\"pg-8325-3\"  class=\"panel-grid panel-has-style\" ><div class=\"panel-row-style panel-row-style-for-8325-3\" ><div id=\"pgc-8325-3-0\"  class=\"panel-grid-cell\" ><div id=\"panel-8325-3-0-0\" class=\"so-panel widget widget_sow-editor panel-first-child panel-last-child\" data-index=\"5\" ><div\n\t\t\t\n\t\t\tclass=\"so-widget-sow-editor so-widget-sow-editor-base\"\n\t\t\t\n\t\t>\n<div class=\"siteorigin-widget-tinymce textwidget\">\n\t<p>Prevenci\u00f3n del cancer<br \/>\nAlteraciones hormonales<br \/>\nExceso de estrogenos<br \/>\nExceso de histamina<br \/>\nMenopausia<br \/>\nAcn\u00e9<br \/>\nAnsiedad<\/p>\n<\/div>\n<\/div><\/div><\/div><div id=\"pgc-8325-3-1\"  class=\"panel-grid-cell\" ><div id=\"panel-8325-3-1-0\" class=\"so-panel widget widget_sow-editor panel-first-child panel-last-child\" data-index=\"6\" ><div\n\t\t\t\n\t\t\tclass=\"so-widget-sow-editor so-widget-sow-editor-base\"\n\t\t\t\n\t\t>\n<div class=\"siteorigin-widget-tinymce textwidget\">\n\t<p>Depresi\u00f3n<br \/>\nAlopecia<br \/>\nDisfunciones neuromandibulares<br \/>\nDolor cr\u00f3nico<br \/>\nIntolerancias alimentarias<br \/>\nAlergias<\/p>\n<\/div>\n<\/div><\/div><\/div><div id=\"pgc-8325-3-2\"  class=\"panel-grid-cell\" ><div id=\"panel-8325-3-2-0\" class=\"so-panel widget widget_sow-editor panel-first-child panel-last-child\" data-index=\"7\" ><div\n\t\t\t\n\t\t\tclass=\"so-widget-sow-editor so-widget-sow-editor-base\"\n\t\t\t\n\t\t>\n<div class=\"siteorigin-widget-tinymce textwidget\">\n\t<p>Migra\u00f1as<br \/>\nSalud ginecol\u00f3gica hormonal<br \/>\nEnfermedades infecciosas<br \/>\nColon irritable<br \/>\nSobrepeso<br \/>\nObesidad<\/p>\n<\/div>\n<\/div><\/div><\/div><\/div><\/div><\/div>","protected":false},"excerpt":{"rendered":"<p>Tu salud es pluridimensional, lo que haces, lo que comes, como descansas, la actividad f\u00edsica que realizas y tu estado emocional inciden y a la vez son causa de tu realidad y tu calidad de vida. Evaluamos todos los factores f\u00edsicos, psicol\u00f3gicos, neurol\u00f3gicos inmunol\u00f3gicos y endocrinos para proponerte una planificaci\u00f3n progresiva hacia la soluci\u00f3n de tus problemas de salud.<\/p>\n","protected":false},"author":9,"featured_media":7963,"parent":0,"menu_order":0,"comment_status":"closed","ping_status":"closed","template":"","meta":{"footnotes":""},"class_list":["post-8325","page","type-page","status-publish","has-post-thumbnail","hentry"],"yoast_head":"<!-- This site is optimized with the Yoast SEO plugin v27.3 - https:\/\/yoast.com\/product\/yoast-seo-wordpress\/ -->\n<title>PNIE Cl\u00ednica - Neocorpo<\/title>\n<meta name=\"robots\" content=\"index, follow, max-snippet:-1, max-image-preview:large, max-video-preview:-1\" \/>\n<link rel=\"canonical\" href=\"https:\/\/www.neocorpo.org\/es\/pnie-clinica-barcelona\/\" \/>\n<meta property=\"og:locale\" content=\"es_ES\" \/>\n<meta property=\"og:type\" content=\"article\" \/>\n<meta property=\"og:title\" content=\"PNIE Cl\u00ednica - Neocorpo\" \/>\n<meta property=\"og:description\" content=\"Tu salud es pluridimensional, lo que haces, lo que comes, como descansas, la actividad f\u00edsica que realizas y tu estado emocional inciden y a la vez son causa de tu realidad y tu calidad de vida. Evaluamos todos los factores f\u00edsicos, psicol\u00f3gicos, neurol\u00f3gicos inmunol\u00f3gicos y endocrinos para proponerte una planificaci\u00f3n progresiva hacia la soluci\u00f3n de tus problemas de salud.\" \/>\n<meta property=\"og:url\" content=\"https:\/\/www.neocorpo.org\/es\/pnie-clinica-barcelona\/\" \/>\n<meta property=\"og:site_name\" content=\"Neocorpo\" \/>\n<meta property=\"article:modified_time\" content=\"2018-04-06T10:07:32+00:00\" \/>\n<meta property=\"og:image\" content=\"https:\/\/www.neocorpo.org\/wp-content\/uploads\/2015\/12\/pnie-barcelona-2.jpg\" \/>\n\t<meta property=\"og:image:width\" content=\"720\" \/>\n\t<meta property=\"og:image:height\" content=\"480\" \/>\n\t<meta property=\"og:image:type\" content=\"image\/jpeg\" \/>\n<meta name=\"twitter:card\" content=\"summary_large_image\" \/>\n<meta name=\"twitter:label1\" content=\"Tiempo de lectura\" \/>\n\t<meta name=\"twitter:data1\" content=\"1 minuto\" \/>\n<script type=\"application\/ld+json\" class=\"yoast-schema-graph\">{\"@context\":\"https:\\\/\\\/schema.org\",\"@graph\":[{\"@type\":\"WebPage\",\"@id\":\"https:\\\/\\\/www.neocorpo.org\\\/es\\\/pnie-clinica-barcelona\\\/\",\"url\":\"https:\\\/\\\/www.neocorpo.org\\\/es\\\/pnie-clinica-barcelona\\\/\",\"name\":\"PNIE Cl\u00ednica - Neocorpo\",\"isPartOf\":{\"@id\":\"https:\\\/\\\/www.neocorpo.org\\\/#website\"},\"primaryImageOfPage\":{\"@id\":\"https:\\\/\\\/www.neocorpo.org\\\/es\\\/pnie-clinica-barcelona\\\/#primaryimage\"},\"image\":{\"@id\":\"https:\\\/\\\/www.neocorpo.org\\\/es\\\/pnie-clinica-barcelona\\\/#primaryimage\"},\"thumbnailUrl\":\"https:\\\/\\\/www.neocorpo.org\\\/wp-content\\\/uploads\\\/2015\\\/12\\\/pnie-barcelona-2.jpg\",\"datePublished\":\"2015-12-28T20:04:19+00:00\",\"dateModified\":\"2018-04-06T10:07:32+00:00\",\"breadcrumb\":{\"@id\":\"https:\\\/\\\/www.neocorpo.org\\\/es\\\/pnie-clinica-barcelona\\\/#breadcrumb\"},\"inLanguage\":\"es\",\"potentialAction\":[{\"@type\":\"ReadAction\",\"target\":[\"https:\\\/\\\/www.neocorpo.org\\\/es\\\/pnie-clinica-barcelona\\\/\"]}]},{\"@type\":\"ImageObject\",\"inLanguage\":\"es\",\"@id\":\"https:\\\/\\\/www.neocorpo.org\\\/es\\\/pnie-clinica-barcelona\\\/#primaryimage\",\"url\":\"https:\\\/\\\/www.neocorpo.org\\\/wp-content\\\/uploads\\\/2015\\\/12\\\/pnie-barcelona-2.jpg\",\"contentUrl\":\"https:\\\/\\\/www.neocorpo.org\\\/wp-content\\\/uploads\\\/2015\\\/12\\\/pnie-barcelona-2.jpg\",\"width\":720,\"height\":480,\"caption\":\"clinica pnie barcelona\"},{\"@type\":\"BreadcrumbList\",\"@id\":\"https:\\\/\\\/www.neocorpo.org\\\/es\\\/pnie-clinica-barcelona\\\/#breadcrumb\",\"itemListElement\":[{\"@type\":\"ListItem\",\"position\":1,\"name\":\"Portada\",\"item\":\"https:\\\/\\\/www.neocorpo.org\\\/es\\\/\"},{\"@type\":\"ListItem\",\"position\":2,\"name\":\"PNIE Cl\u00ednica\"}]},{\"@type\":\"WebSite\",\"@id\":\"https:\\\/\\\/www.neocorpo.org\\\/#website\",\"url\":\"https:\\\/\\\/www.neocorpo.org\\\/\",\"name\":\"Neocorpo\",\"description\":\"Barcelona\",\"potentialAction\":[{\"@type\":\"SearchAction\",\"target\":{\"@type\":\"EntryPoint\",\"urlTemplate\":\"https:\\\/\\\/www.neocorpo.org\\\/?s={search_term_string}\"},\"query-input\":{\"@type\":\"PropertyValueSpecification\",\"valueRequired\":true,\"valueName\":\"search_term_string\"}}],\"inLanguage\":\"es\"}]}<\/script>\n<!-- \/ Yoast SEO plugin. -->","yoast_head_json":{"title":"PNIE Cl\u00ednica - Neocorpo","robots":{"index":"index","follow":"follow","max-snippet":"max-snippet:-1","max-image-preview":"max-image-preview:large","max-video-preview":"max-video-preview:-1"},"canonical":"https:\/\/www.neocorpo.org\/es\/pnie-clinica-barcelona\/","og_locale":"es_ES","og_type":"article","og_title":"PNIE Cl\u00ednica - Neocorpo","og_description":"Tu salud es pluridimensional, lo que haces, lo que comes, como descansas, la actividad f\u00edsica que realizas y tu estado emocional inciden y a la vez son causa de tu realidad y tu calidad de vida. Evaluamos todos los factores f\u00edsicos, psicol\u00f3gicos, neurol\u00f3gicos inmunol\u00f3gicos y endocrinos para proponerte una planificaci\u00f3n progresiva hacia la soluci\u00f3n de tus problemas de salud.","og_url":"https:\/\/www.neocorpo.org\/es\/pnie-clinica-barcelona\/","og_site_name":"Neocorpo","article_modified_time":"2018-04-06T10:07:32+00:00","og_image":[{"width":720,"height":480,"url":"https:\/\/www.neocorpo.org\/wp-content\/uploads\/2015\/12\/pnie-barcelona-2.jpg","type":"image\/jpeg"}],"twitter_card":"summary_large_image","twitter_misc":{"Tiempo de lectura":"1 minuto"},"schema":{"@context":"https:\/\/schema.org","@graph":[{"@type":"WebPage","@id":"https:\/\/www.neocorpo.org\/es\/pnie-clinica-barcelona\/","url":"https:\/\/www.neocorpo.org\/es\/pnie-clinica-barcelona\/","name":"PNIE Cl\u00ednica - Neocorpo","isPartOf":{"@id":"https:\/\/www.neocorpo.org\/#website"},"primaryImageOfPage":{"@id":"https:\/\/www.neocorpo.org\/es\/pnie-clinica-barcelona\/#primaryimage"},"image":{"@id":"https:\/\/www.neocorpo.org\/es\/pnie-clinica-barcelona\/#primaryimage"},"thumbnailUrl":"https:\/\/www.neocorpo.org\/wp-content\/uploads\/2015\/12\/pnie-barcelona-2.jpg","datePublished":"2015-12-28T20:04:19+00:00","dateModified":"2018-04-06T10:07:32+00:00","breadcrumb":{"@id":"https:\/\/www.neocorpo.org\/es\/pnie-clinica-barcelona\/#breadcrumb"},"inLanguage":"es","potentialAction":[{"@type":"ReadAction","target":["https:\/\/www.neocorpo.org\/es\/pnie-clinica-barcelona\/"]}]},{"@type":"ImageObject","inLanguage":"es","@id":"https:\/\/www.neocorpo.org\/es\/pnie-clinica-barcelona\/#primaryimage","url":"https:\/\/www.neocorpo.org\/wp-content\/uploads\/2015\/12\/pnie-barcelona-2.jpg","contentUrl":"https:\/\/www.neocorpo.org\/wp-content\/uploads\/2015\/12\/pnie-barcelona-2.jpg","width":720,"height":480,"caption":"clinica pnie barcelona"},{"@type":"BreadcrumbList","@id":"https:\/\/www.neocorpo.org\/es\/pnie-clinica-barcelona\/#breadcrumb","itemListElement":[{"@type":"ListItem","position":1,"name":"Portada","item":"https:\/\/www.neocorpo.org\/es\/"},{"@type":"ListItem","position":2,"name":"PNIE Cl\u00ednica"}]},{"@type":"WebSite","@id":"https:\/\/www.neocorpo.org\/#website","url":"https:\/\/www.neocorpo.org\/","name":"Neocorpo","description":"Barcelona","potentialAction":[{"@type":"SearchAction","target":{"@type":"EntryPoint","urlTemplate":"https:\/\/www.neocorpo.org\/?s={search_term_string}"},"query-input":{"@type":"PropertyValueSpecification","valueRequired":true,"valueName":"search_term_string"}}],"inLanguage":"es"}]}},"_links":{"self":[{"href":"https:\/\/www.neocorpo.org\/es\/wp-json\/wp\/v2\/pages\/8325","targetHints":{"allow":["GET"]}}],"collection":[{"href":"https:\/\/www.neocorpo.org\/es\/wp-json\/wp\/v2\/pages"}],"about":[{"href":"https:\/\/www.neocorpo.org\/es\/wp-json\/wp\/v2\/types\/page"}],"author":[{"embeddable":true,"href":"https:\/\/www.neocorpo.org\/es\/wp-json\/wp\/v2\/users\/9"}],"replies":[{"embeddable":true,"href":"https:\/\/www.neocorpo.org\/es\/wp-json\/wp\/v2\/comments?post=8325"}],"version-history":[{"count":11,"href":"https:\/\/www.neocorpo.org\/es\/wp-json\/wp\/v2\/pages\/8325\/revisions"}],"predecessor-version":[{"id":8435,"href":"https:\/\/www.neocorpo.org\/es\/wp-json\/wp\/v2\/pages\/8325\/revisions\/8435"}],"wp:featuredmedia":[{"embeddable":true,"href":"https:\/\/www.neocorpo.org\/es\/wp-json\/wp\/v2\/media\/7963"}],"wp:attachment":[{"href":"https:\/\/www.neocorpo.org\/es\/wp-json\/wp\/v2\/media?parent=8325"}],"curies":[{"name":"wp","href":"https:\/\/api.w.org\/{rel}","templated":true}]}}