{"id":8317,"date":"2015-12-21T19:42:46","date_gmt":"2015-12-21T19:42:46","guid":{"rendered":"http:\/\/www.neocorpo.org\/serveis\/osteopatia-fisioterapia-barcelona\/"},"modified":"2018-04-06T10:07:27","modified_gmt":"2018-04-06T10:07:27","slug":"osteopatia-fisioterapia-barcelona","status":"publish","type":"page","link":"https:\/\/www.neocorpo.org\/es\/osteopatia-fisioterapia-barcelona\/","title":{"rendered":"Osteopatia y Fisioterapia"},"content":{"rendered":"<div id=\"pl-8317\"  class=\"panel-layout\" ><div id=\"pg-8317-0\"  class=\"panel-grid panel-no-style\" ><div id=\"pgc-8317-0-0\"  class=\"panel-grid-cell\" ><div id=\"panel-8317-0-0-0\" class=\"so-panel widget widget_sow-editor panel-first-child panel-last-child\" data-index=\"0\" ><div\n\t\t\t\n\t\t\tclass=\"so-widget-sow-editor so-widget-sow-editor-base\"\n\t\t\t\n\t\t>\n<div class=\"siteorigin-widget-tinymce textwidget\">\n\t<p><span style=\"color: #56afd5; font-size: 15px;\"><strong>La Osteopatia<\/strong><\/span><\/p>\n<p>El concepto de Osteopatia surge en 1874 con su fundador Andrew Taylor Still: la osteopatia o medicina osteopatica es una filosof\u00eda, una ciencia y un arte. Su filosof\u00eda engloba el concepto de la unidad de la estructura y funci\u00f3n del cuerpo en la salud y en la enfermedad. Su ciencia comprende las ciencias qu\u00edmicas, f\u00edsicas y biol\u00f3gicas relacionadas con el mantenimiento de la salud y la prevenci\u00f3n, curaci\u00f3n y alivio de la enfermedad. Su arte es la aplicaci\u00f3n de su filosof\u00eda y su ciencia a la pr\u00e1ctica de la medicina osteopatica. Esta es una muy buena definici\u00f3n totalmente vigente, y que hace comprender la dimensi\u00f3n global de la Osteopatia. Para acabar de comprender mejor en que consiste la Terapia Osteopatica es necesario conocer los principios b\u00e1sicos por los cuales se rige:<\/p>\n<p>\u00a0\u00a0\u00a0 La estructura gobierna la funci\u00f3n: un elemento corporal (\u00f3rgano, v\u00e9rtebra, articulaci\u00f3n, tejido...) alterado en su estructura, es decir, en su capacidad de movimiento, nutrici\u00f3n, caracter\u00edsticas intr\u00ednsecas, ver\u00e1 alterada su funci\u00f3n. Si nos aseguramos que la estructura de este elemento est\u00e1 bien, por ejemplo, recuperando su movilidad fisiol\u00f3gica, rompiendo las restricciones que lo atenazan, conseguiremos que su funci\u00f3n recupere su correcto funcionamiento, sin alteraciones.<br \/>\u00a0\u00a0\u00a0 Concepci\u00f3n hol\u00edstica del cuerpo: el cuerpo es un todo y no la suma de unas partes. Todos los sistemas se mezclan y tienen que ser valorados y tratados, si hace falta.<br \/>\u00a0\u00a0\u00a0 Arteria suprema: los sistemas flu\u00eddicos del cuerpo aseguran la limpieza y nutrici\u00f3n de todos los tejidos del cuerpo. Si aseguramos que esto sea as\u00ed, aseguramos la salud del cuerpo.<br \/>\u00a0\u00a0\u00a0 Autocuraci\u00f3n del cuerpo: en osteopatia no curamos nada; es el cuerpo el que tiene esta capacidad por s\u00ed solo, lo que hacemos nosotros es eliminar sus restricciones y limitaciones para que \u00e9l pueda hacer su trabajo.<\/p>\n<p>El oste\u00f3pata persigue en todo momento comprender qu\u00e9 sucede en el organismo del paciente y c\u00f3mo este se organiza para mantenerse saludable; su objetivo no es otro que ayudarlo a conseguirlo. Todo se fundamenta en que la salud no es un estado sino un equilibrio din\u00e1mico que constantemente se reajusta y se equilibra para hacer frente a las fuerzas y factores internos y externos que lo alejan de su homeostasis (equilibrio fisiol\u00f3gico).<\/p>\n<p>Cualquier persona en desequilibrio puede ser tratado osteopaticamente, teniendo en cuenta que todos estamos sometidos a multitud de estr\u00e9s (mec\u00e1nico, emocional, qu\u00edmico...), todos nos podemos beneficiar de esta terapia, desde la prevenci\u00f3n hasta el tratamiento de patolog\u00edas ya establecidas. El abordaje t\u00e9cnico siempre ser\u00e1, la terapia manual desprovista de aparatologia.<\/p>\n<p>\u00a0<\/p>\n<hr \/>\n<p>\u00a0<\/p>\n<\/div>\n<\/div><\/div><\/div><\/div><div id=\"pg-8317-1\"  class=\"panel-grid panel-no-style\" ><div id=\"pgc-8317-1-0\"  class=\"panel-grid-cell\" ><div id=\"panel-8317-1-0-0\" class=\"so-panel widget widget_sow-editor panel-first-child panel-last-child\" data-index=\"1\" ><div\n\t\t\t\n\t\t\tclass=\"so-widget-sow-editor so-widget-sow-editor-base\"\n\t\t\t\n\t\t>\n<div class=\"siteorigin-widget-tinymce textwidget\">\n\t<p><img loading=\"lazy\" decoding=\"async\" class=\"alignleft wp-image-8179\" src=\"http:\/\/www.neocorpo.org\/wp-content\/uploads\/2017\/10\/neocorpo-9-300x200.jpg\" alt=\"\" width=\"401\" height=\"267\" srcset=\"https:\/\/www.neocorpo.org\/wp-content\/uploads\/2017\/10\/neocorpo-9-300x200.jpg 300w, https:\/\/www.neocorpo.org\/wp-content\/uploads\/2017\/10\/neocorpo-9-768x512.jpg 768w, https:\/\/www.neocorpo.org\/wp-content\/uploads\/2017\/10\/neocorpo-9-1024x683.jpg 1024w, https:\/\/www.neocorpo.org\/wp-content\/uploads\/2017\/10\/neocorpo-9-850x567.jpg 850w, https:\/\/www.neocorpo.org\/wp-content\/uploads\/2017\/10\/neocorpo-9-360x240.jpg 360w, https:\/\/www.neocorpo.org\/wp-content\/uploads\/2017\/10\/neocorpo-9-272x182.jpg 272w, https:\/\/www.neocorpo.org\/wp-content\/uploads\/2017\/10\/neocorpo-9.jpg 1200w\" sizes=\"auto, (max-width: 401px) 100vw, 401px\" \/><\/p>\n<p><img loading=\"lazy\" decoding=\"async\" class=\"alignnone wp-image-8185\" src=\"http:\/\/www.neocorpo.org\/wp-content\/uploads\/2017\/10\/neocorpo-3-300x200.jpg\" alt=\"\" width=\"401\" height=\"267\" srcset=\"https:\/\/www.neocorpo.org\/wp-content\/uploads\/2017\/10\/neocorpo-3-300x200.jpg 300w, https:\/\/www.neocorpo.org\/wp-content\/uploads\/2017\/10\/neocorpo-3-768x512.jpg 768w, https:\/\/www.neocorpo.org\/wp-content\/uploads\/2017\/10\/neocorpo-3-1024x683.jpg 1024w, https:\/\/www.neocorpo.org\/wp-content\/uploads\/2017\/10\/neocorpo-3-850x567.jpg 850w, https:\/\/www.neocorpo.org\/wp-content\/uploads\/2017\/10\/neocorpo-3-360x240.jpg 360w, https:\/\/www.neocorpo.org\/wp-content\/uploads\/2017\/10\/neocorpo-3-272x182.jpg 272w, https:\/\/www.neocorpo.org\/wp-content\/uploads\/2017\/10\/neocorpo-3.jpg 1200w\" sizes=\"auto, (max-width: 401px) 100vw, 401px\" \/><\/p>\n<\/div>\n<\/div><\/div><\/div><div id=\"pgc-8317-1-1\"  class=\"panel-grid-cell\" ><div id=\"panel-8317-1-1-0\" class=\"so-panel widget widget_sow-editor panel-first-child panel-last-child\" data-index=\"2\" ><div\n\t\t\t\n\t\t\tclass=\"so-widget-sow-editor so-widget-sow-editor-base\"\n\t\t\t\n\t\t>\n<div class=\"siteorigin-widget-tinymce textwidget\">\n\t<p><span style=\"color: #56afd5; font-size: 15px;\"><strong>La Fisioterapia<\/strong><\/span><\/p>\n<p>La podemos definir como la ciencia del tratamiento a trav\u00e9s de: medios f\u00edsicos, ejercicio terap\u00e9utico, masoterapia y electroterapia. Adem\u00e1s, la Fisioterapia incluye:<\/p>\n<p>1. La ejecuci\u00f3n de pruebas y tests manuales para determinar el valor de la afectaci\u00f3n y fuerza muscular,<br \/>2. Pruebas para determinar las capacidades funcionales.<br \/>3. Valoraci\u00f3n de la amplitud del movimiento articular.<br \/>4. Determinaci\u00f3n de la capacidad vital.<br \/>5. Ayudas diagn\u00f3sticas para el control de la evoluci\u00f3n del tratamiento.<\/p>\n<p>La Fisioterapia utiliza un conjunto de t\u00e9cnicas, las cuales, mediante la aplicaci\u00f3n de agentes f\u00edsicos curan, previenen, recuperan y readaptan a los pacientes susceptibles de recibir tratamiento f\u00edsico. Una de las partes fundamentales del tratamiento fisioterap\u00e9utico es la readaptaci\u00f3n al esfuerzo sobre todo en deportistas pero tambi\u00e9n en pacientes que no lo son.<\/p>\n<p>Gracias a ella, despu\u00e9s de conseguir la necesaria curaci\u00f3n tisular, se consigue devolver al paciente al rendimiento deportivo en los pacientes deportistas y a recuperar la funcionalidad cuotidiana perdida en los que no lo son.<\/p>\n<\/div>\n<\/div><\/div><\/div><\/div><\/div>","protected":false},"excerpt":{"rendered":"<p>Diagnosticamos tu caso desde una visi\u00f3n global del cuerpo, utilizando tests manuales e interpretando las pruebas radiodiagn\u00f3sticas (radiograf\u00edas, resonancias &#8230;) del paciente. Encontraremos las causas del problema que afecta a tu salud y las resolveremos utilizando las herramientas terap\u00e9uticas m\u00e1s adecuadas a tu individualidad.<\/p>\n","protected":false},"author":9,"featured_media":7978,"parent":0,"menu_order":0,"comment_status":"closed","ping_status":"closed","template":"","meta":{"footnotes":""},"class_list":["post-8317","page","type-page","status-publish","has-post-thumbnail","hentry"],"yoast_head":"<!-- This site is optimized with the Yoast SEO plugin v27.5 - https:\/\/yoast.com\/product\/yoast-seo-wordpress\/ -->\n<title>Osteopatia y Fisioterapia - Neocorpo<\/title>\n<meta name=\"robots\" content=\"index, follow, max-snippet:-1, max-image-preview:large, max-video-preview:-1\" \/>\n<link rel=\"canonical\" href=\"https:\/\/www.neocorpo.org\/es\/osteopatia-fisioterapia-barcelona\/\" \/>\n<meta property=\"og:locale\" content=\"es_ES\" \/>\n<meta property=\"og:type\" content=\"article\" \/>\n<meta property=\"og:title\" content=\"Osteopatia y Fisioterapia - Neocorpo\" \/>\n<meta property=\"og:description\" content=\"Diagnosticamos tu caso desde una visi\u00f3n global del cuerpo, utilizando tests manuales e interpretando las pruebas radiodiagn\u00f3sticas (radiograf\u00edas, resonancias ...) del paciente. Encontraremos las causas del problema que afecta a tu salud y las resolveremos utilizando las herramientas terap\u00e9uticas m\u00e1s adecuadas a tu individualidad.\" \/>\n<meta property=\"og:url\" content=\"https:\/\/www.neocorpo.org\/es\/osteopatia-fisioterapia-barcelona\/\" \/>\n<meta property=\"og:site_name\" content=\"Neocorpo\" \/>\n<meta property=\"article:modified_time\" content=\"2018-04-06T10:07:27+00:00\" \/>\n<meta property=\"og:image\" content=\"https:\/\/www.neocorpo.org\/wp-content\/uploads\/2015\/12\/masajes-barcelona-2.jpg\" \/>\n\t<meta property=\"og:image:width\" content=\"720\" \/>\n\t<meta property=\"og:image:height\" content=\"480\" \/>\n\t<meta property=\"og:image:type\" content=\"image\/jpeg\" \/>\n<meta name=\"twitter:card\" content=\"summary_large_image\" \/>\n<meta name=\"twitter:label1\" content=\"Tiempo de lectura\" \/>\n\t<meta name=\"twitter:data1\" content=\"3 minutos\" \/>\n<script type=\"application\/ld+json\" class=\"yoast-schema-graph\">{\"@context\":\"https:\\\/\\\/schema.org\",\"@graph\":[{\"@type\":\"WebPage\",\"@id\":\"https:\\\/\\\/www.neocorpo.org\\\/es\\\/osteopatia-fisioterapia-barcelona\\\/\",\"url\":\"https:\\\/\\\/www.neocorpo.org\\\/es\\\/osteopatia-fisioterapia-barcelona\\\/\",\"name\":\"Osteopatia y Fisioterapia - Neocorpo\",\"isPartOf\":{\"@id\":\"https:\\\/\\\/www.neocorpo.org\\\/#website\"},\"primaryImageOfPage\":{\"@id\":\"https:\\\/\\\/www.neocorpo.org\\\/es\\\/osteopatia-fisioterapia-barcelona\\\/#primaryimage\"},\"image\":{\"@id\":\"https:\\\/\\\/www.neocorpo.org\\\/es\\\/osteopatia-fisioterapia-barcelona\\\/#primaryimage\"},\"thumbnailUrl\":\"https:\\\/\\\/www.neocorpo.org\\\/wp-content\\\/uploads\\\/2015\\\/12\\\/masajes-barcelona-2.jpg\",\"datePublished\":\"2015-12-21T19:42:46+00:00\",\"dateModified\":\"2018-04-06T10:07:27+00:00\",\"breadcrumb\":{\"@id\":\"https:\\\/\\\/www.neocorpo.org\\\/es\\\/osteopatia-fisioterapia-barcelona\\\/#breadcrumb\"},\"inLanguage\":\"es\",\"potentialAction\":[{\"@type\":\"ReadAction\",\"target\":[\"https:\\\/\\\/www.neocorpo.org\\\/es\\\/osteopatia-fisioterapia-barcelona\\\/\"]}]},{\"@type\":\"ImageObject\",\"inLanguage\":\"es\",\"@id\":\"https:\\\/\\\/www.neocorpo.org\\\/es\\\/osteopatia-fisioterapia-barcelona\\\/#primaryimage\",\"url\":\"https:\\\/\\\/www.neocorpo.org\\\/wp-content\\\/uploads\\\/2015\\\/12\\\/masajes-barcelona-2.jpg\",\"contentUrl\":\"https:\\\/\\\/www.neocorpo.org\\\/wp-content\\\/uploads\\\/2015\\\/12\\\/masajes-barcelona-2.jpg\",\"width\":720,\"height\":480,\"caption\":\"masajes en barcelona\"},{\"@type\":\"BreadcrumbList\",\"@id\":\"https:\\\/\\\/www.neocorpo.org\\\/es\\\/osteopatia-fisioterapia-barcelona\\\/#breadcrumb\",\"itemListElement\":[{\"@type\":\"ListItem\",\"position\":1,\"name\":\"Portada\",\"item\":\"https:\\\/\\\/www.neocorpo.org\\\/es\\\/\"},{\"@type\":\"ListItem\",\"position\":2,\"name\":\"Osteopatia y Fisioterapia\"}]},{\"@type\":\"WebSite\",\"@id\":\"https:\\\/\\\/www.neocorpo.org\\\/#website\",\"url\":\"https:\\\/\\\/www.neocorpo.org\\\/\",\"name\":\"Neocorpo\",\"description\":\"Barcelona\",\"potentialAction\":[{\"@type\":\"SearchAction\",\"target\":{\"@type\":\"EntryPoint\",\"urlTemplate\":\"https:\\\/\\\/www.neocorpo.org\\\/?s={search_term_string}\"},\"query-input\":{\"@type\":\"PropertyValueSpecification\",\"valueRequired\":true,\"valueName\":\"search_term_string\"}}],\"inLanguage\":\"es\"}]}<\/script>\n<!-- \/ Yoast SEO plugin. -->","yoast_head_json":{"title":"Osteopatia y Fisioterapia - Neocorpo","robots":{"index":"index","follow":"follow","max-snippet":"max-snippet:-1","max-image-preview":"max-image-preview:large","max-video-preview":"max-video-preview:-1"},"canonical":"https:\/\/www.neocorpo.org\/es\/osteopatia-fisioterapia-barcelona\/","og_locale":"es_ES","og_type":"article","og_title":"Osteopatia y Fisioterapia - Neocorpo","og_description":"Diagnosticamos tu caso desde una visi\u00f3n global del cuerpo, utilizando tests manuales e interpretando las pruebas radiodiagn\u00f3sticas (radiograf\u00edas, resonancias ...) del paciente. Encontraremos las causas del problema que afecta a tu salud y las resolveremos utilizando las herramientas terap\u00e9uticas m\u00e1s adecuadas a tu individualidad.","og_url":"https:\/\/www.neocorpo.org\/es\/osteopatia-fisioterapia-barcelona\/","og_site_name":"Neocorpo","article_modified_time":"2018-04-06T10:07:27+00:00","og_image":[{"width":720,"height":480,"url":"https:\/\/www.neocorpo.org\/wp-content\/uploads\/2015\/12\/masajes-barcelona-2.jpg","type":"image\/jpeg"}],"twitter_card":"summary_large_image","twitter_misc":{"Tiempo de lectura":"3 minutos"},"schema":{"@context":"https:\/\/schema.org","@graph":[{"@type":"WebPage","@id":"https:\/\/www.neocorpo.org\/es\/osteopatia-fisioterapia-barcelona\/","url":"https:\/\/www.neocorpo.org\/es\/osteopatia-fisioterapia-barcelona\/","name":"Osteopatia y Fisioterapia - Neocorpo","isPartOf":{"@id":"https:\/\/www.neocorpo.org\/#website"},"primaryImageOfPage":{"@id":"https:\/\/www.neocorpo.org\/es\/osteopatia-fisioterapia-barcelona\/#primaryimage"},"image":{"@id":"https:\/\/www.neocorpo.org\/es\/osteopatia-fisioterapia-barcelona\/#primaryimage"},"thumbnailUrl":"https:\/\/www.neocorpo.org\/wp-content\/uploads\/2015\/12\/masajes-barcelona-2.jpg","datePublished":"2015-12-21T19:42:46+00:00","dateModified":"2018-04-06T10:07:27+00:00","breadcrumb":{"@id":"https:\/\/www.neocorpo.org\/es\/osteopatia-fisioterapia-barcelona\/#breadcrumb"},"inLanguage":"es","potentialAction":[{"@type":"ReadAction","target":["https:\/\/www.neocorpo.org\/es\/osteopatia-fisioterapia-barcelona\/"]}]},{"@type":"ImageObject","inLanguage":"es","@id":"https:\/\/www.neocorpo.org\/es\/osteopatia-fisioterapia-barcelona\/#primaryimage","url":"https:\/\/www.neocorpo.org\/wp-content\/uploads\/2015\/12\/masajes-barcelona-2.jpg","contentUrl":"https:\/\/www.neocorpo.org\/wp-content\/uploads\/2015\/12\/masajes-barcelona-2.jpg","width":720,"height":480,"caption":"masajes en barcelona"},{"@type":"BreadcrumbList","@id":"https:\/\/www.neocorpo.org\/es\/osteopatia-fisioterapia-barcelona\/#breadcrumb","itemListElement":[{"@type":"ListItem","position":1,"name":"Portada","item":"https:\/\/www.neocorpo.org\/es\/"},{"@type":"ListItem","position":2,"name":"Osteopatia y Fisioterapia"}]},{"@type":"WebSite","@id":"https:\/\/www.neocorpo.org\/#website","url":"https:\/\/www.neocorpo.org\/","name":"Neocorpo","description":"Barcelona","potentialAction":[{"@type":"SearchAction","target":{"@type":"EntryPoint","urlTemplate":"https:\/\/www.neocorpo.org\/?s={search_term_string}"},"query-input":{"@type":"PropertyValueSpecification","valueRequired":true,"valueName":"search_term_string"}}],"inLanguage":"es"}]}},"_links":{"self":[{"href":"https:\/\/www.neocorpo.org\/es\/wp-json\/wp\/v2\/pages\/8317","targetHints":{"allow":["GET"]}}],"collection":[{"href":"https:\/\/www.neocorpo.org\/es\/wp-json\/wp\/v2\/pages"}],"about":[{"href":"https:\/\/www.neocorpo.org\/es\/wp-json\/wp\/v2\/types\/page"}],"author":[{"embeddable":true,"href":"https:\/\/www.neocorpo.org\/es\/wp-json\/wp\/v2\/users\/9"}],"replies":[{"embeddable":true,"href":"https:\/\/www.neocorpo.org\/es\/wp-json\/wp\/v2\/comments?post=8317"}],"version-history":[{"count":7,"href":"https:\/\/www.neocorpo.org\/es\/wp-json\/wp\/v2\/pages\/8317\/revisions"}],"predecessor-version":[{"id":8432,"href":"https:\/\/www.neocorpo.org\/es\/wp-json\/wp\/v2\/pages\/8317\/revisions\/8432"}],"wp:featuredmedia":[{"embeddable":true,"href":"https:\/\/www.neocorpo.org\/es\/wp-json\/wp\/v2\/media\/7978"}],"wp:attachment":[{"href":"https:\/\/www.neocorpo.org\/es\/wp-json\/wp\/v2\/media?parent=8317"}],"curies":[{"name":"wp","href":"https:\/\/api.w.org\/{rel}","templated":true}]}}