{"id":8290,"date":"2015-12-21T19:42:19","date_gmt":"2015-12-21T19:42:19","guid":{"rendered":"http:\/\/www.neocorpo.org\/serveis\/medicina-xinesa\/"},"modified":"2018-04-06T10:27:33","modified_gmt":"2018-04-06T10:27:33","slug":"medicina-china-barcelona","status":"publish","type":"page","link":"https:\/\/www.neocorpo.org\/es\/medicina-china-barcelona\/","title":{"rendered":"Medicina China"},"content":{"rendered":"<div id=\"pl-8290\"  class=\"panel-layout\" ><div id=\"pg-8290-0\"  class=\"panel-grid panel-no-style\" ><div id=\"pgc-8290-0-0\"  class=\"panel-grid-cell\" ><div id=\"panel-8290-0-0-0\" class=\"so-panel widget widget_sow-editor panel-first-child\" data-index=\"0\" ><div\n\t\t\t\n\t\t\tclass=\"so-widget-sow-editor so-widget-sow-editor-base\"\n\t\t\t\n\t\t>\n<div class=\"siteorigin-widget-tinymce textwidget\">\n\t<p><strong><img loading=\"lazy\" decoding=\"async\" class=\"aligncenter wp-image-7904 size-full\" src=\"http:\/\/www.neocorpo.org\/wp-content\/uploads\/2015\/12\/medicina-china-barcelona.jpg\" alt=\"acupuntura barcelona\" width=\"850\" height=\"567\" srcset=\"https:\/\/www.neocorpo.org\/wp-content\/uploads\/2015\/12\/medicina-china-barcelona.jpg 850w, https:\/\/www.neocorpo.org\/wp-content\/uploads\/2015\/12\/medicina-china-barcelona-300x200.jpg 300w, https:\/\/www.neocorpo.org\/wp-content\/uploads\/2015\/12\/medicina-china-barcelona-768x512.jpg 768w, https:\/\/www.neocorpo.org\/wp-content\/uploads\/2015\/12\/medicina-china-barcelona-360x240.jpg 360w, https:\/\/www.neocorpo.org\/wp-content\/uploads\/2015\/12\/medicina-china-barcelona-272x182.jpg 272w\" sizes=\"auto, (max-width: 850px) 100vw, 850px\" \/><\/strong><\/p>\n<\/div>\n<\/div><\/div><div id=\"panel-8290-0-0-1\" class=\"so-panel widget widget_sow-editor panel-last-child\" data-index=\"1\" ><div class=\"panel-widget-style panel-widget-style-for-8290-0-0-1\" ><div\n\t\t\t\n\t\t\tclass=\"so-widget-sow-editor so-widget-sow-editor-base\"\n\t\t\t\n\t\t>\n<div class=\"siteorigin-widget-tinymce textwidget\">\n\t<p><strong><span style=\"color: #56afd5; font-size: 15px;\">Acupuntura<\/span><\/strong><\/p>\n<p>La acupuntura es un m\u00e9todo de curaci\u00f3n y equilibrio del organismo incluido dentro de la Medicina China. El equilibrio se consigue mediante la estimulaci\u00f3n, por medio de agujas, de los puntos dentro de los diferentes meridianos energ\u00e9ticos dispuestos en el cuerpo. Se une terapia emp\u00edrica ancestral reconocida mundialmente y con resultados comprobados desde hace miles de a\u00f1os. Es muy efectiva en patolog\u00edas motoras agudas, ansiedad, insomnio, estre\u00f1imiento, obesidad\u2026<\/p>\n<p>\u00a0<\/p>\n<\/div>\n<\/div><\/div><\/div><\/div><div id=\"pgc-8290-0-1\"  class=\"panel-grid-cell\" ><div id=\"panel-8290-0-1-0\" class=\"so-panel widget widget_sow-editor panel-first-child\" data-index=\"2\" ><div\n\t\t\t\n\t\t\tclass=\"so-widget-sow-editor so-widget-sow-editor-base\"\n\t\t\t\n\t\t>\n<div class=\"siteorigin-widget-tinymce textwidget\">\n\t<p><img loading=\"lazy\" decoding=\"async\" class=\"aligncenter wp-image-7902 size-full\" src=\"http:\/\/www.neocorpo.org\/wp-content\/uploads\/2015\/12\/tuina-barcelona.jpg\" alt=\"tuina barcelona\" width=\"850\" height=\"567\" srcset=\"https:\/\/www.neocorpo.org\/wp-content\/uploads\/2015\/12\/tuina-barcelona.jpg 850w, https:\/\/www.neocorpo.org\/wp-content\/uploads\/2015\/12\/tuina-barcelona-300x200.jpg 300w, https:\/\/www.neocorpo.org\/wp-content\/uploads\/2015\/12\/tuina-barcelona-768x512.jpg 768w, https:\/\/www.neocorpo.org\/wp-content\/uploads\/2015\/12\/tuina-barcelona-360x240.jpg 360w, https:\/\/www.neocorpo.org\/wp-content\/uploads\/2015\/12\/tuina-barcelona-272x182.jpg 272w\" sizes=\"auto, (max-width: 850px) 100vw, 850px\" \/><\/p>\n<\/div>\n<\/div><\/div><div id=\"panel-8290-0-1-1\" class=\"so-panel widget widget_sow-editor panel-last-child\" data-index=\"3\" ><div class=\"panel-widget-style panel-widget-style-for-8290-0-1-1\" ><div\n\t\t\t\n\t\t\tclass=\"so-widget-sow-editor so-widget-sow-editor-base\"\n\t\t\t\n\t\t>\n<div class=\"siteorigin-widget-tinymce textwidget\">\n\t<p><strong><span style=\"color: #56afd5; font-size: 15px;\">Tuina<\/span><\/strong><\/p>\n<p>La Tuina es una t\u00e9cnica de masaje manual basada los preceptos de la Medicina Tradicional China. Trata problemas musculares de tendones y ligamentos, tales como cervicalgias, dorsalgias y tendinitis, entre otras.<\/p>\n<p>\u00a0<\/p>\n<\/div>\n<\/div><\/div><\/div><\/div><div id=\"pgc-8290-0-2\"  class=\"panel-grid-cell\" ><div id=\"panel-8290-0-2-0\" class=\"so-panel widget widget_sow-editor panel-first-child\" data-index=\"4\" ><div\n\t\t\t\n\t\t\tclass=\"so-widget-sow-editor so-widget-sow-editor-base\"\n\t\t\t\n\t\t>\n<div class=\"siteorigin-widget-tinymce textwidget\">\n\t<p><img loading=\"lazy\" decoding=\"async\" class=\"aligncenter wp-image-7903 size-full\" src=\"http:\/\/www.neocorpo.org\/wp-content\/uploads\/2015\/12\/dietoterapia-barcelona.jpg\" alt=\"\" width=\"850\" height=\"567\" srcset=\"https:\/\/www.neocorpo.org\/wp-content\/uploads\/2015\/12\/dietoterapia-barcelona.jpg 850w, https:\/\/www.neocorpo.org\/wp-content\/uploads\/2015\/12\/dietoterapia-barcelona-300x200.jpg 300w, https:\/\/www.neocorpo.org\/wp-content\/uploads\/2015\/12\/dietoterapia-barcelona-768x512.jpg 768w, https:\/\/www.neocorpo.org\/wp-content\/uploads\/2015\/12\/dietoterapia-barcelona-360x240.jpg 360w, https:\/\/www.neocorpo.org\/wp-content\/uploads\/2015\/12\/dietoterapia-barcelona-272x182.jpg 272w\" sizes=\"auto, (max-width: 850px) 100vw, 850px\" \/><\/p>\n<\/div>\n<\/div><\/div><div id=\"panel-8290-0-2-1\" class=\"so-panel widget widget_sow-editor panel-last-child\" data-index=\"5\" ><div class=\"panel-widget-style panel-widget-style-for-8290-0-2-1\" ><div\n\t\t\t\n\t\t\tclass=\"so-widget-sow-editor so-widget-sow-editor-base\"\n\t\t\t\n\t\t>\n<div class=\"siteorigin-widget-tinymce textwidget\">\n\t<p><strong><span style=\"color: #56afd5; font-size: 15px;\">Dietoter\u00e1pia energ\u00e9tica<\/span><\/strong><\/p>\n<p>Programa de nutrici\u00f3n basado en la teor\u00eda de los 5 movimientos de la Medicina China. Cada persona tiene unas necesidades nutricionales diferentes, en funci\u00f3n de sus caracter\u00edsticas individuales c\u00f3mo son la edad, el g\u00e9nero, el trabajo, el estado de salud y otras.<\/p>\n<p>\u00a0<\/p>\n<\/div>\n<\/div><\/div><\/div><\/div><\/div><\/div>","protected":false},"excerpt":{"rendered":"<p>La Medicina China comprende un conjunto de terapias y t\u00e9cnicas ancestrales que van desde la acupuntura, fitoterapia, Qi Gong al masaje Tuina para buscar el equilibrio de tu salud a nivel org\u00e1nico, emocional y energ\u00e9tico.<\/p>\n","protected":false},"author":9,"featured_media":7972,"parent":0,"menu_order":0,"comment_status":"closed","ping_status":"closed","template":"","meta":{"footnotes":""},"class_list":["post-8290","page","type-page","status-publish","has-post-thumbnail","hentry"],"yoast_head":"<!-- This site is optimized with the Yoast SEO plugin v27.3 - https:\/\/yoast.com\/product\/yoast-seo-wordpress\/ -->\n<title>Medicina China - Neocorpo<\/title>\n<meta name=\"robots\" content=\"index, follow, max-snippet:-1, max-image-preview:large, max-video-preview:-1\" \/>\n<link rel=\"canonical\" href=\"https:\/\/www.neocorpo.org\/es\/medicina-china-barcelona\/\" \/>\n<meta property=\"og:locale\" content=\"es_ES\" \/>\n<meta property=\"og:type\" content=\"article\" \/>\n<meta property=\"og:title\" content=\"Medicina China - Neocorpo\" \/>\n<meta property=\"og:description\" content=\"La Medicina China comprende un conjunto de terapias y t\u00e9cnicas ancestrales que van desde la acupuntura, fitoterapia, Qi Gong al masaje Tuina para buscar el equilibrio de tu salud a nivel org\u00e1nico, emocional y energ\u00e9tico.\" \/>\n<meta property=\"og:url\" content=\"https:\/\/www.neocorpo.org\/es\/medicina-china-barcelona\/\" \/>\n<meta property=\"og:site_name\" content=\"Neocorpo\" \/>\n<meta property=\"article:modified_time\" content=\"2018-04-06T10:27:33+00:00\" \/>\n<meta property=\"og:image\" content=\"https:\/\/www.neocorpo.org\/wp-content\/uploads\/2015\/12\/medicina-china-barcelona-1.jpg\" \/>\n\t<meta property=\"og:image:width\" content=\"720\" \/>\n\t<meta property=\"og:image:height\" content=\"480\" \/>\n\t<meta property=\"og:image:type\" content=\"image\/jpeg\" \/>\n<meta name=\"twitter:card\" content=\"summary_large_image\" \/>\n<meta name=\"twitter:label1\" content=\"Tiempo de lectura\" \/>\n\t<meta name=\"twitter:data1\" content=\"1 minuto\" \/>\n<script type=\"application\/ld+json\" class=\"yoast-schema-graph\">{\"@context\":\"https:\\\/\\\/schema.org\",\"@graph\":[{\"@type\":\"WebPage\",\"@id\":\"https:\\\/\\\/www.neocorpo.org\\\/es\\\/medicina-china-barcelona\\\/\",\"url\":\"https:\\\/\\\/www.neocorpo.org\\\/es\\\/medicina-china-barcelona\\\/\",\"name\":\"Medicina China - Neocorpo\",\"isPartOf\":{\"@id\":\"https:\\\/\\\/www.neocorpo.org\\\/#website\"},\"primaryImageOfPage\":{\"@id\":\"https:\\\/\\\/www.neocorpo.org\\\/es\\\/medicina-china-barcelona\\\/#primaryimage\"},\"image\":{\"@id\":\"https:\\\/\\\/www.neocorpo.org\\\/es\\\/medicina-china-barcelona\\\/#primaryimage\"},\"thumbnailUrl\":\"https:\\\/\\\/www.neocorpo.org\\\/wp-content\\\/uploads\\\/2015\\\/12\\\/medicina-china-barcelona-1.jpg\",\"datePublished\":\"2015-12-21T19:42:19+00:00\",\"dateModified\":\"2018-04-06T10:27:33+00:00\",\"breadcrumb\":{\"@id\":\"https:\\\/\\\/www.neocorpo.org\\\/es\\\/medicina-china-barcelona\\\/#breadcrumb\"},\"inLanguage\":\"es\",\"potentialAction\":[{\"@type\":\"ReadAction\",\"target\":[\"https:\\\/\\\/www.neocorpo.org\\\/es\\\/medicina-china-barcelona\\\/\"]}]},{\"@type\":\"ImageObject\",\"inLanguage\":\"es\",\"@id\":\"https:\\\/\\\/www.neocorpo.org\\\/es\\\/medicina-china-barcelona\\\/#primaryimage\",\"url\":\"https:\\\/\\\/www.neocorpo.org\\\/wp-content\\\/uploads\\\/2015\\\/12\\\/medicina-china-barcelona-1.jpg\",\"contentUrl\":\"https:\\\/\\\/www.neocorpo.org\\\/wp-content\\\/uploads\\\/2015\\\/12\\\/medicina-china-barcelona-1.jpg\",\"width\":720,\"height\":480,\"caption\":\"medicina china barcelona\"},{\"@type\":\"BreadcrumbList\",\"@id\":\"https:\\\/\\\/www.neocorpo.org\\\/es\\\/medicina-china-barcelona\\\/#breadcrumb\",\"itemListElement\":[{\"@type\":\"ListItem\",\"position\":1,\"name\":\"Portada\",\"item\":\"https:\\\/\\\/www.neocorpo.org\\\/es\\\/\"},{\"@type\":\"ListItem\",\"position\":2,\"name\":\"Medicina China\"}]},{\"@type\":\"WebSite\",\"@id\":\"https:\\\/\\\/www.neocorpo.org\\\/#website\",\"url\":\"https:\\\/\\\/www.neocorpo.org\\\/\",\"name\":\"Neocorpo\",\"description\":\"Barcelona\",\"potentialAction\":[{\"@type\":\"SearchAction\",\"target\":{\"@type\":\"EntryPoint\",\"urlTemplate\":\"https:\\\/\\\/www.neocorpo.org\\\/?s={search_term_string}\"},\"query-input\":{\"@type\":\"PropertyValueSpecification\",\"valueRequired\":true,\"valueName\":\"search_term_string\"}}],\"inLanguage\":\"es\"}]}<\/script>\n<!-- \/ Yoast SEO plugin. -->","yoast_head_json":{"title":"Medicina China - Neocorpo","robots":{"index":"index","follow":"follow","max-snippet":"max-snippet:-1","max-image-preview":"max-image-preview:large","max-video-preview":"max-video-preview:-1"},"canonical":"https:\/\/www.neocorpo.org\/es\/medicina-china-barcelona\/","og_locale":"es_ES","og_type":"article","og_title":"Medicina China - Neocorpo","og_description":"La Medicina China comprende un conjunto de terapias y t\u00e9cnicas ancestrales que van desde la acupuntura, fitoterapia, Qi Gong al masaje Tuina para buscar el equilibrio de tu salud a nivel org\u00e1nico, emocional y energ\u00e9tico.","og_url":"https:\/\/www.neocorpo.org\/es\/medicina-china-barcelona\/","og_site_name":"Neocorpo","article_modified_time":"2018-04-06T10:27:33+00:00","og_image":[{"width":720,"height":480,"url":"https:\/\/www.neocorpo.org\/wp-content\/uploads\/2015\/12\/medicina-china-barcelona-1.jpg","type":"image\/jpeg"}],"twitter_card":"summary_large_image","twitter_misc":{"Tiempo de lectura":"1 minuto"},"schema":{"@context":"https:\/\/schema.org","@graph":[{"@type":"WebPage","@id":"https:\/\/www.neocorpo.org\/es\/medicina-china-barcelona\/","url":"https:\/\/www.neocorpo.org\/es\/medicina-china-barcelona\/","name":"Medicina China - Neocorpo","isPartOf":{"@id":"https:\/\/www.neocorpo.org\/#website"},"primaryImageOfPage":{"@id":"https:\/\/www.neocorpo.org\/es\/medicina-china-barcelona\/#primaryimage"},"image":{"@id":"https:\/\/www.neocorpo.org\/es\/medicina-china-barcelona\/#primaryimage"},"thumbnailUrl":"https:\/\/www.neocorpo.org\/wp-content\/uploads\/2015\/12\/medicina-china-barcelona-1.jpg","datePublished":"2015-12-21T19:42:19+00:00","dateModified":"2018-04-06T10:27:33+00:00","breadcrumb":{"@id":"https:\/\/www.neocorpo.org\/es\/medicina-china-barcelona\/#breadcrumb"},"inLanguage":"es","potentialAction":[{"@type":"ReadAction","target":["https:\/\/www.neocorpo.org\/es\/medicina-china-barcelona\/"]}]},{"@type":"ImageObject","inLanguage":"es","@id":"https:\/\/www.neocorpo.org\/es\/medicina-china-barcelona\/#primaryimage","url":"https:\/\/www.neocorpo.org\/wp-content\/uploads\/2015\/12\/medicina-china-barcelona-1.jpg","contentUrl":"https:\/\/www.neocorpo.org\/wp-content\/uploads\/2015\/12\/medicina-china-barcelona-1.jpg","width":720,"height":480,"caption":"medicina china barcelona"},{"@type":"BreadcrumbList","@id":"https:\/\/www.neocorpo.org\/es\/medicina-china-barcelona\/#breadcrumb","itemListElement":[{"@type":"ListItem","position":1,"name":"Portada","item":"https:\/\/www.neocorpo.org\/es\/"},{"@type":"ListItem","position":2,"name":"Medicina China"}]},{"@type":"WebSite","@id":"https:\/\/www.neocorpo.org\/#website","url":"https:\/\/www.neocorpo.org\/","name":"Neocorpo","description":"Barcelona","potentialAction":[{"@type":"SearchAction","target":{"@type":"EntryPoint","urlTemplate":"https:\/\/www.neocorpo.org\/?s={search_term_string}"},"query-input":{"@type":"PropertyValueSpecification","valueRequired":true,"valueName":"search_term_string"}}],"inLanguage":"es"}]}},"_links":{"self":[{"href":"https:\/\/www.neocorpo.org\/es\/wp-json\/wp\/v2\/pages\/8290","targetHints":{"allow":["GET"]}}],"collection":[{"href":"https:\/\/www.neocorpo.org\/es\/wp-json\/wp\/v2\/pages"}],"about":[{"href":"https:\/\/www.neocorpo.org\/es\/wp-json\/wp\/v2\/types\/page"}],"author":[{"embeddable":true,"href":"https:\/\/www.neocorpo.org\/es\/wp-json\/wp\/v2\/users\/9"}],"replies":[{"embeddable":true,"href":"https:\/\/www.neocorpo.org\/es\/wp-json\/wp\/v2\/comments?post=8290"}],"version-history":[{"count":9,"href":"https:\/\/www.neocorpo.org\/es\/wp-json\/wp\/v2\/pages\/8290\/revisions"}],"predecessor-version":[{"id":8430,"href":"https:\/\/www.neocorpo.org\/es\/wp-json\/wp\/v2\/pages\/8290\/revisions\/8430"}],"wp:featuredmedia":[{"embeddable":true,"href":"https:\/\/www.neocorpo.org\/es\/wp-json\/wp\/v2\/media\/7972"}],"wp:attachment":[{"href":"https:\/\/www.neocorpo.org\/es\/wp-json\/wp\/v2\/media?parent=8290"}],"curies":[{"name":"wp","href":"https:\/\/api.w.org\/{rel}","templated":true}]}}