{"id":8283,"date":"2015-12-28T20:03:55","date_gmt":"2015-12-28T20:03:55","guid":{"rendered":"http:\/\/www.neocorpo.org\/serveis\/estetica\/"},"modified":"2018-04-06T10:07:14","modified_gmt":"2018-04-06T10:07:14","slug":"estetica-barcelona","status":"publish","type":"page","link":"https:\/\/www.neocorpo.org\/es\/estetica-barcelona\/","title":{"rendered":"Est\u00e9tica"},"content":{"rendered":"<div id=\"pl-8283\"  class=\"panel-layout\" ><div id=\"pg-8283-0\"  class=\"panel-grid panel-no-style\" ><div id=\"pgc-8283-0-0\"  class=\"panel-grid-cell\" ><div id=\"panel-8283-0-0-0\" class=\"so-panel widget widget_sow-editor panel-first-child panel-last-child\" data-index=\"0\" ><div\n\t\t\t\n\t\t\tclass=\"so-widget-sow-editor so-widget-sow-editor-base\"\n\t\t\t\n\t\t>\n<div class=\"siteorigin-widget-tinymce textwidget\">\n\t<p><img loading=\"lazy\" decoding=\"async\" class=\"alignright wp-image-7917 size-full\" src=\"http:\/\/www.neocorpo.org\/wp-content\/uploads\/2015\/12\/belleza.jpg\" alt=\"\" width=\"850\" height=\"567\" srcset=\"https:\/\/www.neocorpo.org\/wp-content\/uploads\/2015\/12\/belleza.jpg 850w, https:\/\/www.neocorpo.org\/wp-content\/uploads\/2015\/12\/belleza-300x200.jpg 300w, https:\/\/www.neocorpo.org\/wp-content\/uploads\/2015\/12\/belleza-768x512.jpg 768w, https:\/\/www.neocorpo.org\/wp-content\/uploads\/2015\/12\/belleza-360x240.jpg 360w, https:\/\/www.neocorpo.org\/wp-content\/uploads\/2015\/12\/belleza-272x182.jpg 272w\" sizes=\"auto, (max-width: 850px) 100vw, 850px\" \/><br \/><img loading=\"lazy\" decoding=\"async\" class=\"alignright wp-image-7918 size-full\" src=\"http:\/\/www.neocorpo.org\/wp-content\/uploads\/2015\/12\/estetica-barcelona.jpg\" alt=\"\" width=\"850\" height=\"567\" srcset=\"https:\/\/www.neocorpo.org\/wp-content\/uploads\/2015\/12\/estetica-barcelona.jpg 850w, https:\/\/www.neocorpo.org\/wp-content\/uploads\/2015\/12\/estetica-barcelona-300x200.jpg 300w, https:\/\/www.neocorpo.org\/wp-content\/uploads\/2015\/12\/estetica-barcelona-768x512.jpg 768w, https:\/\/www.neocorpo.org\/wp-content\/uploads\/2015\/12\/estetica-barcelona-360x240.jpg 360w, https:\/\/www.neocorpo.org\/wp-content\/uploads\/2015\/12\/estetica-barcelona-272x182.jpg 272w\" sizes=\"auto, (max-width: 850px) 100vw, 850px\" \/><\/p>\n<\/div>\n<\/div><\/div><\/div><div id=\"pgc-8283-0-1\"  class=\"panel-grid-cell\" ><div id=\"panel-8283-0-1-0\" class=\"so-panel widget widget_sow-editor panel-first-child panel-last-child\" data-index=\"1\" ><div\n\t\t\t\n\t\t\tclass=\"so-widget-sow-editor so-widget-sow-editor-base\"\n\t\t\t\n\t\t>\n<div class=\"siteorigin-widget-tinymce textwidget\">\n\t<p><span style=\"color: #56afd5; font-size: 15px;\"><strong>Est\u00e9tica y salud<\/strong><\/span><\/p>\n<p>Seg\u00fan nuestro punto de vista, la est\u00e9tica est\u00e1 integrada en el concepto de Salud, tanto a nivel fisiol\u00f3gico e higi\u00e9nico como psicol\u00f3gico.<\/p>\n<p>En primer lugar, porque protege un \u00f3rgano tan importante c\u00f3mo la piel y, en segundo lugar, por la implicaci\u00f3n y\/o incidencia que puede tener en el autoconcepto y la autoconfianza de la persona.<\/p>\n<p>Ofrecemos tratamientos de BELLEZA INTEGRAL, d\u00f3nde analizamos las necesidades faciales y corporales de la persona y las trabajamos de manera conjunta.<\/p>\n<p>Ofrecemos los siguientes servicios:<\/p>\n<p><span class=\"icon-wrap\"><i class=\"fa fa-check\"><\/i><\/span> \u00a0Higiene Facial<br \/> <span class=\"icon-wrap\"><i class=\"fa fa-check\"><\/i><\/span> \u00a0Tratamiento Facial<br \/> <span class=\"icon-wrap\"><i class=\"fa fa-check\"><\/i><\/span> \u00a0Tratamiento Corporal<br \/> <span class=\"icon-wrap\"><i class=\"fa fa-check\"><\/i><\/span> \u00a0Peeling corporal + masaje<br \/> <span class=\"icon-wrap\"><i class=\"fa fa-check\"><\/i><\/span> \u00a0Tratamiento de Maderoterapia<br \/> <span class=\"icon-wrap\"><i class=\"fa fa-check\"><\/i><\/span> \u00a0Tinte y permanente de pesta\u00f1as<br \/> <span class=\"icon-wrap\"><i class=\"fa fa-check\"><\/i><\/span> \u00a0Pedicura<br \/> <span class=\"icon-wrap\"><i class=\"fa fa-check\"><\/i><\/span> \u00a0Manicura<br \/> <span class=\"icon-wrap\"><i class=\"fa fa-check\"><\/i><\/span> \u00a0Depilaciones<\/p>\n<\/div>\n<\/div><\/div><\/div><\/div><\/div>","protected":false},"excerpt":{"rendered":"<p>Si una lesi\u00f3n en el trabajo impide su desempe\u00f1o laboral, nuestro programa de rehabilitaci\u00f3n de lesiones laborales proporciona un enfoque agresivo pero prudente para que vuelva a trabajar r\u00e1pidamente y con un nivel de rendimiento \u00f3ptimo.<\/p>\n","protected":false},"author":9,"featured_media":7918,"parent":0,"menu_order":0,"comment_status":"closed","ping_status":"closed","template":"","meta":{"footnotes":""},"class_list":["post-8283","page","type-page","status-publish","has-post-thumbnail","hentry"],"yoast_head":"<!-- This site is optimized with the Yoast SEO plugin v27.3 - https:\/\/yoast.com\/product\/yoast-seo-wordpress\/ -->\n<title>Est\u00e9tica - Neocorpo<\/title>\n<meta name=\"robots\" content=\"index, follow, max-snippet:-1, max-image-preview:large, max-video-preview:-1\" \/>\n<link rel=\"canonical\" href=\"https:\/\/www.neocorpo.org\/es\/estetica-barcelona\/\" \/>\n<meta property=\"og:locale\" content=\"es_ES\" \/>\n<meta property=\"og:type\" content=\"article\" \/>\n<meta property=\"og:title\" content=\"Est\u00e9tica - Neocorpo\" \/>\n<meta property=\"og:description\" content=\"Si una lesi\u00f3n en el trabajo impide su desempe\u00f1o laboral, nuestro programa de rehabilitaci\u00f3n de lesiones laborales proporciona un enfoque agresivo pero prudente para que vuelva a trabajar r\u00e1pidamente y con un nivel de rendimiento \u00f3ptimo.\" \/>\n<meta property=\"og:url\" content=\"https:\/\/www.neocorpo.org\/es\/estetica-barcelona\/\" \/>\n<meta property=\"og:site_name\" content=\"Neocorpo\" \/>\n<meta property=\"article:modified_time\" content=\"2018-04-06T10:07:14+00:00\" \/>\n<meta property=\"og:image\" content=\"https:\/\/www.neocorpo.org\/wp-content\/uploads\/2015\/12\/estetica-barcelona.jpg\" \/>\n\t<meta property=\"og:image:width\" content=\"850\" \/>\n\t<meta property=\"og:image:height\" content=\"567\" \/>\n\t<meta property=\"og:image:type\" content=\"image\/jpeg\" \/>\n<meta name=\"twitter:card\" content=\"summary_large_image\" \/>\n<meta name=\"twitter:label1\" content=\"Tiempo de lectura\" \/>\n\t<meta name=\"twitter:data1\" content=\"1 minuto\" \/>\n<script type=\"application\/ld+json\" class=\"yoast-schema-graph\">{\"@context\":\"https:\\\/\\\/schema.org\",\"@graph\":[{\"@type\":\"WebPage\",\"@id\":\"https:\\\/\\\/www.neocorpo.org\\\/es\\\/estetica-barcelona\\\/\",\"url\":\"https:\\\/\\\/www.neocorpo.org\\\/es\\\/estetica-barcelona\\\/\",\"name\":\"Est\u00e9tica - Neocorpo\",\"isPartOf\":{\"@id\":\"https:\\\/\\\/www.neocorpo.org\\\/#website\"},\"primaryImageOfPage\":{\"@id\":\"https:\\\/\\\/www.neocorpo.org\\\/es\\\/estetica-barcelona\\\/#primaryimage\"},\"image\":{\"@id\":\"https:\\\/\\\/www.neocorpo.org\\\/es\\\/estetica-barcelona\\\/#primaryimage\"},\"thumbnailUrl\":\"https:\\\/\\\/www.neocorpo.org\\\/wp-content\\\/uploads\\\/2015\\\/12\\\/estetica-barcelona.jpg\",\"datePublished\":\"2015-12-28T20:03:55+00:00\",\"dateModified\":\"2018-04-06T10:07:14+00:00\",\"breadcrumb\":{\"@id\":\"https:\\\/\\\/www.neocorpo.org\\\/es\\\/estetica-barcelona\\\/#breadcrumb\"},\"inLanguage\":\"es\",\"potentialAction\":[{\"@type\":\"ReadAction\",\"target\":[\"https:\\\/\\\/www.neocorpo.org\\\/es\\\/estetica-barcelona\\\/\"]}]},{\"@type\":\"ImageObject\",\"inLanguage\":\"es\",\"@id\":\"https:\\\/\\\/www.neocorpo.org\\\/es\\\/estetica-barcelona\\\/#primaryimage\",\"url\":\"https:\\\/\\\/www.neocorpo.org\\\/wp-content\\\/uploads\\\/2015\\\/12\\\/estetica-barcelona.jpg\",\"contentUrl\":\"https:\\\/\\\/www.neocorpo.org\\\/wp-content\\\/uploads\\\/2015\\\/12\\\/estetica-barcelona.jpg\",\"width\":850,\"height\":567},{\"@type\":\"BreadcrumbList\",\"@id\":\"https:\\\/\\\/www.neocorpo.org\\\/es\\\/estetica-barcelona\\\/#breadcrumb\",\"itemListElement\":[{\"@type\":\"ListItem\",\"position\":1,\"name\":\"Portada\",\"item\":\"https:\\\/\\\/www.neocorpo.org\\\/es\\\/\"},{\"@type\":\"ListItem\",\"position\":2,\"name\":\"Est\u00e9tica\"}]},{\"@type\":\"WebSite\",\"@id\":\"https:\\\/\\\/www.neocorpo.org\\\/#website\",\"url\":\"https:\\\/\\\/www.neocorpo.org\\\/\",\"name\":\"Neocorpo\",\"description\":\"Barcelona\",\"potentialAction\":[{\"@type\":\"SearchAction\",\"target\":{\"@type\":\"EntryPoint\",\"urlTemplate\":\"https:\\\/\\\/www.neocorpo.org\\\/?s={search_term_string}\"},\"query-input\":{\"@type\":\"PropertyValueSpecification\",\"valueRequired\":true,\"valueName\":\"search_term_string\"}}],\"inLanguage\":\"es\"}]}<\/script>\n<!-- \/ Yoast SEO plugin. -->","yoast_head_json":{"title":"Est\u00e9tica - Neocorpo","robots":{"index":"index","follow":"follow","max-snippet":"max-snippet:-1","max-image-preview":"max-image-preview:large","max-video-preview":"max-video-preview:-1"},"canonical":"https:\/\/www.neocorpo.org\/es\/estetica-barcelona\/","og_locale":"es_ES","og_type":"article","og_title":"Est\u00e9tica - Neocorpo","og_description":"Si una lesi\u00f3n en el trabajo impide su desempe\u00f1o laboral, nuestro programa de rehabilitaci\u00f3n de lesiones laborales proporciona un enfoque agresivo pero prudente para que vuelva a trabajar r\u00e1pidamente y con un nivel de rendimiento \u00f3ptimo.","og_url":"https:\/\/www.neocorpo.org\/es\/estetica-barcelona\/","og_site_name":"Neocorpo","article_modified_time":"2018-04-06T10:07:14+00:00","og_image":[{"width":850,"height":567,"url":"https:\/\/www.neocorpo.org\/wp-content\/uploads\/2015\/12\/estetica-barcelona.jpg","type":"image\/jpeg"}],"twitter_card":"summary_large_image","twitter_misc":{"Tiempo de lectura":"1 minuto"},"schema":{"@context":"https:\/\/schema.org","@graph":[{"@type":"WebPage","@id":"https:\/\/www.neocorpo.org\/es\/estetica-barcelona\/","url":"https:\/\/www.neocorpo.org\/es\/estetica-barcelona\/","name":"Est\u00e9tica - Neocorpo","isPartOf":{"@id":"https:\/\/www.neocorpo.org\/#website"},"primaryImageOfPage":{"@id":"https:\/\/www.neocorpo.org\/es\/estetica-barcelona\/#primaryimage"},"image":{"@id":"https:\/\/www.neocorpo.org\/es\/estetica-barcelona\/#primaryimage"},"thumbnailUrl":"https:\/\/www.neocorpo.org\/wp-content\/uploads\/2015\/12\/estetica-barcelona.jpg","datePublished":"2015-12-28T20:03:55+00:00","dateModified":"2018-04-06T10:07:14+00:00","breadcrumb":{"@id":"https:\/\/www.neocorpo.org\/es\/estetica-barcelona\/#breadcrumb"},"inLanguage":"es","potentialAction":[{"@type":"ReadAction","target":["https:\/\/www.neocorpo.org\/es\/estetica-barcelona\/"]}]},{"@type":"ImageObject","inLanguage":"es","@id":"https:\/\/www.neocorpo.org\/es\/estetica-barcelona\/#primaryimage","url":"https:\/\/www.neocorpo.org\/wp-content\/uploads\/2015\/12\/estetica-barcelona.jpg","contentUrl":"https:\/\/www.neocorpo.org\/wp-content\/uploads\/2015\/12\/estetica-barcelona.jpg","width":850,"height":567},{"@type":"BreadcrumbList","@id":"https:\/\/www.neocorpo.org\/es\/estetica-barcelona\/#breadcrumb","itemListElement":[{"@type":"ListItem","position":1,"name":"Portada","item":"https:\/\/www.neocorpo.org\/es\/"},{"@type":"ListItem","position":2,"name":"Est\u00e9tica"}]},{"@type":"WebSite","@id":"https:\/\/www.neocorpo.org\/#website","url":"https:\/\/www.neocorpo.org\/","name":"Neocorpo","description":"Barcelona","potentialAction":[{"@type":"SearchAction","target":{"@type":"EntryPoint","urlTemplate":"https:\/\/www.neocorpo.org\/?s={search_term_string}"},"query-input":{"@type":"PropertyValueSpecification","valueRequired":true,"valueName":"search_term_string"}}],"inLanguage":"es"}]}},"_links":{"self":[{"href":"https:\/\/www.neocorpo.org\/es\/wp-json\/wp\/v2\/pages\/8283","targetHints":{"allow":["GET"]}}],"collection":[{"href":"https:\/\/www.neocorpo.org\/es\/wp-json\/wp\/v2\/pages"}],"about":[{"href":"https:\/\/www.neocorpo.org\/es\/wp-json\/wp\/v2\/types\/page"}],"author":[{"embeddable":true,"href":"https:\/\/www.neocorpo.org\/es\/wp-json\/wp\/v2\/users\/9"}],"replies":[{"embeddable":true,"href":"https:\/\/www.neocorpo.org\/es\/wp-json\/wp\/v2\/comments?post=8283"}],"version-history":[{"count":15,"href":"https:\/\/www.neocorpo.org\/es\/wp-json\/wp\/v2\/pages\/8283\/revisions"}],"predecessor-version":[{"id":8466,"href":"https:\/\/www.neocorpo.org\/es\/wp-json\/wp\/v2\/pages\/8283\/revisions\/8466"}],"wp:featuredmedia":[{"embeddable":true,"href":"https:\/\/www.neocorpo.org\/es\/wp-json\/wp\/v2\/media\/7918"}],"wp:attachment":[{"href":"https:\/\/www.neocorpo.org\/es\/wp-json\/wp\/v2\/media?parent=8283"}],"curies":[{"name":"wp","href":"https:\/\/api.w.org\/{rel}","templated":true}]}}