{"id":8266,"date":"2015-11-25T21:38:30","date_gmt":"2015-11-25T21:38:30","guid":{"rendered":"http:\/\/www.neocorpo.org\/sobre-nosaltres\/"},"modified":"2023-07-16T19:30:15","modified_gmt":"2023-07-16T19:30:15","slug":"nosotros","status":"publish","type":"page","link":"https:\/\/www.neocorpo.org\/es\/nosotros\/","title":{"rendered":"Bienvenidos a Neocorpo"},"content":{"rendered":"<div id=\"pl-8266\"  class=\"panel-layout\" ><div id=\"pg-8266-0\"  class=\"panel-grid panel-no-style\" ><div id=\"pgc-8266-0-0\"  class=\"panel-grid-cell\" ><div id=\"panel-8266-0-0-0\" class=\"so-panel widget widget_sow-editor panel-first-child\" data-index=\"0\" ><div\n\t\t\t\n\t\t\tclass=\"so-widget-sow-editor so-widget-sow-editor-base\"\n\t\t\t\n\t\t><h3 class=\"widget-title\">Nuestra visi\u00f3n<\/h3>\n<div class=\"siteorigin-widget-tinymce textwidget\">\n\t<p>Somos un equipo de atenci\u00f3n integral enfocado la salud de las personas. Estamos en vanguardia de los conocimientos y las t\u00e9cnicas terap\u00e9uticas m\u00e1s actuales y eficaces en la mejora de la calidad de vida de nuestros pacientes. Abordamos cada caso individualmente para realizar un diagn\u00f3stico preciso y un tratamiento pluridimensional, que mejor responda a las necesidades que el paciente nos plantea.<\/p>\n<p>La atenci\u00f3n individualizada y la formaci\u00f3n continua son los motores que nos mueven para satisfacer la confianza de nuestros pacientes.<\/p>\n<p>Neocorpo es un centro con una trayectoria de 15 a\u00f1os donde encontrar profesionales con la vocaci\u00f3n y la experiencia de un equipo de primera l\u00ednea.<\/p>\n<\/div>\n<\/div><\/div><div id=\"panel-8266-0-0-1\" class=\"so-panel widget widget_sow-editor\" data-index=\"1\" ><div\n\t\t\t\n\t\t\tclass=\"so-widget-sow-editor so-widget-sow-editor-base\"\n\t\t\t\n\t\t><h3 class=\"widget-title\">Nuestra filofofia<\/h3>\n<div class=\"siteorigin-widget-tinymce textwidget\">\n\t<p><strong>Hol\u00edstica<\/strong><\/p>\n<ul>\n<li>Partimos de una visi\u00f3n hol\u00edstica de la persona, entendiendo el funcionamiento del cuerpo humano como un todo.<\/li>\n<li>La persona no es un ser unidimensional sino pluridimensional y en esta realidad fundamentamos nuestro trabajo.<\/li>\n<li>Concebimos la persona globalmente y el cuerpo como un gran engranaje donde una pieza disfuncional puede hacer funcionar mal el resto, el conjunto.<\/li>\n<li>Nos importa que nuestros pacientes tengan el mejor trato a nivel f\u00edsico, psicol\u00f3gico, est\u00e9tico y espiritual.<\/li>\n<\/ul>\n<\/div>\n<\/div><\/div><div id=\"panel-8266-0-0-2\" class=\"so-panel widget widget_sow-editor panel-last-child\" data-index=\"2\" ><div\n\t\t\t\n\t\t\tclass=\"so-widget-sow-editor so-widget-sow-editor-base\"\n\t\t\t\n\t\t>\n<div class=\"siteorigin-widget-tinymce textwidget\">\n\t<p><strong>Implicaci\u00f3n del paciente<\/strong><\/p>\n<ul>\n<li>El compromiso del paciente en su salud es fundamental para el \u00e9xito terap\u00e9utico.<\/li>\n<li>Nosotros ponemos las herramientas, el esfuerzo y el conocimiento, pero quien tiene que querer conseguir los objetivos es un mismo.<\/li>\n<li>Uno es responsable de querer estar mejor y de hacer lo necesario para estarlo; nosotros lo ayudamos y lo guiamos en este hito.<\/li>\n<li>Por eso no nos consideramos proveedores de salud sino precursores de la misma.<\/li>\n<li>Todo esto desde una vocaci\u00f3n de Servicio a las personas.<\/li>\n<\/ul>\n<\/div>\n<\/div><\/div><\/div><div id=\"pgc-8266-0-1\"  class=\"panel-grid-cell\" ><div id=\"panel-8266-0-1-0\" class=\"so-panel widget widget_sow-editor panel-first-child\" data-index=\"3\" ><div\n\t\t\t\n\t\t\tclass=\"so-widget-sow-editor so-widget-sow-editor-base\"\n\t\t\t\n\t\t><h3 class=\"widget-title\">Nuestra misi\u00f3n<\/h3>\n<div class=\"siteorigin-widget-tinymce textwidget\">\n\t<p><strong>Calidad de vida<\/strong><\/p>\n<ul>\n<li>Todos nuestros servicios tienen como objetivo que la persona consiga mejorar su salud en todos sus \u00e1mbitos.<\/li>\n<li>Que los pacientes depositen su confianza en nosotros es el primer paso hacia mejorar su calidad de vida.<\/li>\n<\/ul>\n<\/div>\n<\/div><\/div><div id=\"panel-8266-0-1-1\" class=\"so-panel widget widget_sow-editor panel-last-child\" data-index=\"4\" ><div\n\t\t\t\n\t\t\tclass=\"so-widget-sow-editor so-widget-sow-editor-base\"\n\t\t\t\n\t\t>\n<div class=\"siteorigin-widget-tinymce textwidget\">\n\t<p><strong>Proyectos de futuro y constante renovaci\u00f3n<\/strong><\/p>\n<ul>\n<li>Nuestro esp\u00edritu de superaci\u00f3n nos orienta a avanzar y mejorar d\u00eda a d\u00eda, para ofrecer el mejor tratamiento.<\/li>\n<li>Es por eso que Neocorpo ha ido evolucionando a lo largo de los a\u00f1os, ampliando y perfeccionando sus terapias.<\/li>\n<\/ul>\n<\/div>\n<\/div><\/div><\/div><\/div><div id=\"pg-8266-1\"  class=\"panel-grid panel-no-style\" ><div id=\"pgc-8266-1-0\"  class=\"panel-grid-cell\" ><div id=\"panel-8266-1-0-0\" class=\"so-panel widget widget_sow-editor panel-first-child panel-last-child\" data-index=\"5\" ><div\n\t\t\t\n\t\t\tclass=\"so-widget-sow-editor so-widget-sow-editor-base\"\n\t\t\t\n\t\t>\n<div class=\"siteorigin-widget-tinymce textwidget\">\n\t<p><img loading=\"lazy\" decoding=\"async\" class=\"size-full wp-image-245\" src=\"http:\/\/export-xml.qreativethemes.com\/physio\/wp-content\/uploads\/sites\/3\/2015\/11\/image-divider.jpg\" alt=\"image-divider\" width=\"1144\" height=\"50\" srcset=\"https:\/\/www.neocorpo.org\/wp-content\/uploads\/2015\/11\/image-divider.jpg 1144w, https:\/\/www.neocorpo.org\/wp-content\/uploads\/2015\/11\/image-divider-300x13.jpg 300w, https:\/\/www.neocorpo.org\/wp-content\/uploads\/2015\/11\/image-divider-768x34.jpg 768w, https:\/\/www.neocorpo.org\/wp-content\/uploads\/2015\/11\/image-divider-1024x45.jpg 1024w\" sizes=\"auto, (max-width: 1144px) 100vw, 1144px\" \/><\/p>\n<\/div>\n<\/div><\/div><\/div><\/div><div id=\"pg-8266-2\"  class=\"panel-grid panel-no-style\" ><div id=\"pgc-8266-2-0\"  class=\"panel-grid-cell\" ><div id=\"panel-8266-2-0-0\" class=\"so-panel widget widget_text panel-first-child panel-last-child\" data-index=\"6\" ><h3 class=\"widget-title\">Conoce al equipo<\/h3>\t\t\t<div class=\"textwidget\"><\/div>\n\t\t<\/div><\/div><\/div><div id=\"pg-8266-3\"  class=\"panel-grid panel-no-style\" ><div id=\"pgc-8266-3-0\"  class=\"panel-grid-cell\" ><div id=\"panel-8266-3-0-0\" class=\"so-panel widget widget_text panel-first-child panel-last-child\" data-index=\"7\" >\t\t\t<div class=\"textwidget\"><img loading=\"lazy\" decoding=\"async\" class=\"aligncenter wp-image-7872 size-full\" src=\"http:\/\/www.neocorpo.org\/wp-content\/uploads\/2017\/09\/ruben-2.jpg\" alt=\"\" width=\"700\" height=\"529\" \/><\/div>\n\t\t<\/div><\/div><div id=\"pgc-8266-3-1\"  class=\"panel-grid-cell\" ><div id=\"panel-8266-3-1-0\" class=\"so-panel widget widget_text panel-first-child panel-last-child\" data-index=\"8\" >\t\t\t<div class=\"textwidget\"><p style=\"color:#111;font-size:37px;font-weight:800;    font-family:Nunito;\n\">Rub\u00e9n Figueroa Serra<\/p>\n<strong>Osteopata y fisioterapeuta - Colegiado n\u00ba 5.361<\/strong>\n<\/br>\n<ul>\n \t<li><span style=\"font-size: 13px;\">Licenciado en INEFC (Instituto Nacional de Educaci\u00f3n F\u00edsica y Deporte)<\/span><\/li>\n \t<li><span style=\"font-size: 13px;\">Diplomado en Fisioterapia por la Universitat Ramon Llull<\/span><\/li>\n \t<li><span style=\"font-size: 13px;\">Osteopata C.O. por la Escola d\u2019Osteopatia de Barcelona y la European School of Osteopathy<\/span><\/li>\n \t<li><span style=\"font-size: 13px;\">Formaci\u00f3n continuada en la Sutherland Craenal College<\/span><\/li>\n \t<li><span style=\"font-size: 13px;\">Postgrado en PNIE (Psiconeuroinmunoendocrinologia) por el Institut Kenzen, avalado por la Universidad de Barcelona<\/span><\/li>\n \t<li><span style=\"font-size: 13px;\">Formaci\u00f3n complementaria en kinesiologia aplicada (kinesio-tape)<\/span><\/li>\n<\/ul><\/div>\n\t\t<\/div><\/div><\/div><div id=\"pg-8266-4\"  class=\"panel-grid panel-no-style\" ><div id=\"pgc-8266-4-0\"  class=\"panel-grid-cell\" ><div id=\"panel-8266-4-0-0\" class=\"so-panel widget widget_text panel-first-child panel-last-child\" data-index=\"9\" >\t\t\t<div class=\"textwidget\"><img loading=\"lazy\" decoding=\"async\" class=\"aligncenter wp-image-7872 size-full\" src=\"http:\/\/www.neocorpo.org\/wp-content\/uploads\/2017\/09\/noemi.jpg\" alt=\"\" width=\"700\" height=\"529\" \/><\/div>\n\t\t<\/div><\/div><div id=\"pgc-8266-4-1\"  class=\"panel-grid-cell\" ><div id=\"panel-8266-4-1-0\" class=\"so-panel widget widget_text panel-first-child panel-last-child\" data-index=\"10\" >\t\t\t<div class=\"textwidget\"><p style=\"color:#111;font-size:37px;font-weight:800;    font-family:Nunito;\n\">Noem\u00ed Figueroa Serra<\/p>\n<strong>Medicina China<\/strong>\n<\/br>\n<ul>\n \t<li><span style=\"font-size: 13px;\">Medicina China (acupuntura, tuina, dietoterapia energ\u00e9tica, Chi-kung). ISMET<\/span><\/li>\n \t<li><span style=\"font-size: 13px;\">Formaci\u00f3n Est\u00e9tica, reflexologia podal y drenaje limf\u00e1tico manual. Escola Mila Ferrer<\/span><\/li>\n \t<li><span style=\"font-size: 13px;\">Quiromasaje 1 y 2, Digitopuntura. Escola de t\u00e8cniques manuals Sagrera Ferrandiz<\/span><\/li>\n \t<li><span style=\"font-size: 13px;\">Formaci\u00f3n en Flores de Bach<\/span><\/li>\n \t<li><span style=\"font-size: 13px;\">Niveles 1,2,3, de Reiki, Mindfulness y yoga facial. ISMET<\/span><\/li>\n \t<li><span style=\"font-size: 13px;\">Asesora t\u00e9cnica. Laboratorios Evolugie<\/span><\/li>\n<\/ul><\/div>\n\t\t<\/div><\/div><\/div><\/div>","protected":false},"excerpt":{"rendered":"<p>Somos un equipo de atenci\u00f3n integral enfocado la salud de las personas. Estamos en vanguardia de los conocimientos y las t\u00e9cnicas terap\u00e9uticas m\u00e1s actuales y eficaces en la mejora de la calidad de vida de nuestros pacientes. Abordamos cada caso individualmente para realizar un diagn\u00f3stico preciso y un tratamiento pluridimensional, que mejor responda a las [&hellip;]<\/p>\n","protected":false},"author":9,"featured_media":0,"parent":0,"menu_order":0,"comment_status":"closed","ping_status":"closed","template":"","meta":{"footnotes":""},"class_list":["post-8266","page","type-page","status-publish","hentry"],"yoast_head":"<!-- This site is optimized with the Yoast SEO plugin v27.4 - https:\/\/yoast.com\/product\/yoast-seo-wordpress\/ -->\n<title>Bienvenidos a Neocorpo - Neocorpo<\/title>\n<meta name=\"robots\" content=\"index, follow, max-snippet:-1, max-image-preview:large, max-video-preview:-1\" \/>\n<link rel=\"canonical\" href=\"https:\/\/www.neocorpo.org\/es\/nosotros\/\" \/>\n<meta property=\"og:locale\" content=\"es_ES\" \/>\n<meta property=\"og:type\" content=\"article\" \/>\n<meta property=\"og:title\" content=\"Bienvenidos a Neocorpo - Neocorpo\" \/>\n<meta property=\"og:description\" content=\"Somos un equipo de atenci\u00f3n integral enfocado la salud de las personas. Estamos en vanguardia de los conocimientos y las t\u00e9cnicas terap\u00e9uticas m\u00e1s actuales y eficaces en la mejora de la calidad de vida de nuestros pacientes. Abordamos cada caso individualmente para realizar un diagn\u00f3stico preciso y un tratamiento pluridimensional, que mejor responda a las [&hellip;]\" \/>\n<meta property=\"og:url\" content=\"https:\/\/www.neocorpo.org\/es\/nosotros\/\" \/>\n<meta property=\"og:site_name\" content=\"Neocorpo\" \/>\n<meta property=\"article:modified_time\" content=\"2023-07-16T19:30:15+00:00\" \/>\n<meta property=\"og:image\" content=\"http:\/\/export-xml.qreativethemes.com\/physio\/wp-content\/uploads\/sites\/3\/2015\/11\/image-divider.jpg\" \/>\n<meta name=\"twitter:card\" content=\"summary_large_image\" \/>\n<meta name=\"twitter:label1\" content=\"Tiempo de lectura\" \/>\n\t<meta name=\"twitter:data1\" content=\"4 minutos\" \/>\n<script type=\"application\/ld+json\" class=\"yoast-schema-graph\">{\"@context\":\"https:\\\/\\\/schema.org\",\"@graph\":[{\"@type\":\"WebPage\",\"@id\":\"https:\\\/\\\/www.neocorpo.org\\\/es\\\/nosotros\\\/\",\"url\":\"https:\\\/\\\/www.neocorpo.org\\\/es\\\/nosotros\\\/\",\"name\":\"Bienvenidos a Neocorpo - Neocorpo\",\"isPartOf\":{\"@id\":\"https:\\\/\\\/www.neocorpo.org\\\/#website\"},\"primaryImageOfPage\":{\"@id\":\"https:\\\/\\\/www.neocorpo.org\\\/es\\\/nosotros\\\/#primaryimage\"},\"image\":{\"@id\":\"https:\\\/\\\/www.neocorpo.org\\\/es\\\/nosotros\\\/#primaryimage\"},\"thumbnailUrl\":\"http:\\\/\\\/export-xml.qreativethemes.com\\\/physio\\\/wp-content\\\/uploads\\\/sites\\\/3\\\/2015\\\/11\\\/image-divider.jpg\",\"datePublished\":\"2015-11-25T21:38:30+00:00\",\"dateModified\":\"2023-07-16T19:30:15+00:00\",\"breadcrumb\":{\"@id\":\"https:\\\/\\\/www.neocorpo.org\\\/es\\\/nosotros\\\/#breadcrumb\"},\"inLanguage\":\"es\",\"potentialAction\":[{\"@type\":\"ReadAction\",\"target\":[\"https:\\\/\\\/www.neocorpo.org\\\/es\\\/nosotros\\\/\"]}]},{\"@type\":\"ImageObject\",\"inLanguage\":\"es\",\"@id\":\"https:\\\/\\\/www.neocorpo.org\\\/es\\\/nosotros\\\/#primaryimage\",\"url\":\"http:\\\/\\\/export-xml.qreativethemes.com\\\/physio\\\/wp-content\\\/uploads\\\/sites\\\/3\\\/2015\\\/11\\\/image-divider.jpg\",\"contentUrl\":\"http:\\\/\\\/export-xml.qreativethemes.com\\\/physio\\\/wp-content\\\/uploads\\\/sites\\\/3\\\/2015\\\/11\\\/image-divider.jpg\"},{\"@type\":\"BreadcrumbList\",\"@id\":\"https:\\\/\\\/www.neocorpo.org\\\/es\\\/nosotros\\\/#breadcrumb\",\"itemListElement\":[{\"@type\":\"ListItem\",\"position\":1,\"name\":\"Portada\",\"item\":\"https:\\\/\\\/www.neocorpo.org\\\/es\\\/\"},{\"@type\":\"ListItem\",\"position\":2,\"name\":\"Bienvenidos a Neocorpo\"}]},{\"@type\":\"WebSite\",\"@id\":\"https:\\\/\\\/www.neocorpo.org\\\/#website\",\"url\":\"https:\\\/\\\/www.neocorpo.org\\\/\",\"name\":\"Neocorpo\",\"description\":\"Barcelona\",\"potentialAction\":[{\"@type\":\"SearchAction\",\"target\":{\"@type\":\"EntryPoint\",\"urlTemplate\":\"https:\\\/\\\/www.neocorpo.org\\\/?s={search_term_string}\"},\"query-input\":{\"@type\":\"PropertyValueSpecification\",\"valueRequired\":true,\"valueName\":\"search_term_string\"}}],\"inLanguage\":\"es\"}]}<\/script>\n<!-- \/ Yoast SEO plugin. -->","yoast_head_json":{"title":"Bienvenidos a Neocorpo - Neocorpo","robots":{"index":"index","follow":"follow","max-snippet":"max-snippet:-1","max-image-preview":"max-image-preview:large","max-video-preview":"max-video-preview:-1"},"canonical":"https:\/\/www.neocorpo.org\/es\/nosotros\/","og_locale":"es_ES","og_type":"article","og_title":"Bienvenidos a Neocorpo - Neocorpo","og_description":"Somos un equipo de atenci\u00f3n integral enfocado la salud de las personas. Estamos en vanguardia de los conocimientos y las t\u00e9cnicas terap\u00e9uticas m\u00e1s actuales y eficaces en la mejora de la calidad de vida de nuestros pacientes. Abordamos cada caso individualmente para realizar un diagn\u00f3stico preciso y un tratamiento pluridimensional, que mejor responda a las [&hellip;]","og_url":"https:\/\/www.neocorpo.org\/es\/nosotros\/","og_site_name":"Neocorpo","article_modified_time":"2023-07-16T19:30:15+00:00","og_image":[{"url":"http:\/\/export-xml.qreativethemes.com\/physio\/wp-content\/uploads\/sites\/3\/2015\/11\/image-divider.jpg","type":"","width":"","height":""}],"twitter_card":"summary_large_image","twitter_misc":{"Tiempo de lectura":"4 minutos"},"schema":{"@context":"https:\/\/schema.org","@graph":[{"@type":"WebPage","@id":"https:\/\/www.neocorpo.org\/es\/nosotros\/","url":"https:\/\/www.neocorpo.org\/es\/nosotros\/","name":"Bienvenidos a Neocorpo - Neocorpo","isPartOf":{"@id":"https:\/\/www.neocorpo.org\/#website"},"primaryImageOfPage":{"@id":"https:\/\/www.neocorpo.org\/es\/nosotros\/#primaryimage"},"image":{"@id":"https:\/\/www.neocorpo.org\/es\/nosotros\/#primaryimage"},"thumbnailUrl":"http:\/\/export-xml.qreativethemes.com\/physio\/wp-content\/uploads\/sites\/3\/2015\/11\/image-divider.jpg","datePublished":"2015-11-25T21:38:30+00:00","dateModified":"2023-07-16T19:30:15+00:00","breadcrumb":{"@id":"https:\/\/www.neocorpo.org\/es\/nosotros\/#breadcrumb"},"inLanguage":"es","potentialAction":[{"@type":"ReadAction","target":["https:\/\/www.neocorpo.org\/es\/nosotros\/"]}]},{"@type":"ImageObject","inLanguage":"es","@id":"https:\/\/www.neocorpo.org\/es\/nosotros\/#primaryimage","url":"http:\/\/export-xml.qreativethemes.com\/physio\/wp-content\/uploads\/sites\/3\/2015\/11\/image-divider.jpg","contentUrl":"http:\/\/export-xml.qreativethemes.com\/physio\/wp-content\/uploads\/sites\/3\/2015\/11\/image-divider.jpg"},{"@type":"BreadcrumbList","@id":"https:\/\/www.neocorpo.org\/es\/nosotros\/#breadcrumb","itemListElement":[{"@type":"ListItem","position":1,"name":"Portada","item":"https:\/\/www.neocorpo.org\/es\/"},{"@type":"ListItem","position":2,"name":"Bienvenidos a Neocorpo"}]},{"@type":"WebSite","@id":"https:\/\/www.neocorpo.org\/#website","url":"https:\/\/www.neocorpo.org\/","name":"Neocorpo","description":"Barcelona","potentialAction":[{"@type":"SearchAction","target":{"@type":"EntryPoint","urlTemplate":"https:\/\/www.neocorpo.org\/?s={search_term_string}"},"query-input":{"@type":"PropertyValueSpecification","valueRequired":true,"valueName":"search_term_string"}}],"inLanguage":"es"}]}},"_links":{"self":[{"href":"https:\/\/www.neocorpo.org\/es\/wp-json\/wp\/v2\/pages\/8266","targetHints":{"allow":["GET"]}}],"collection":[{"href":"https:\/\/www.neocorpo.org\/es\/wp-json\/wp\/v2\/pages"}],"about":[{"href":"https:\/\/www.neocorpo.org\/es\/wp-json\/wp\/v2\/types\/page"}],"author":[{"embeddable":true,"href":"https:\/\/www.neocorpo.org\/es\/wp-json\/wp\/v2\/users\/9"}],"replies":[{"embeddable":true,"href":"https:\/\/www.neocorpo.org\/es\/wp-json\/wp\/v2\/comments?post=8266"}],"version-history":[{"count":20,"href":"https:\/\/www.neocorpo.org\/es\/wp-json\/wp\/v2\/pages\/8266\/revisions"}],"predecessor-version":[{"id":8581,"href":"https:\/\/www.neocorpo.org\/es\/wp-json\/wp\/v2\/pages\/8266\/revisions\/8581"}],"wp:attachment":[{"href":"https:\/\/www.neocorpo.org\/es\/wp-json\/wp\/v2\/media?parent=8266"}],"curies":[{"name":"wp","href":"https:\/\/api.w.org\/{rel}","templated":true}]}}